{"id":404,"date":"2024-01-11T09:07:47","date_gmt":"2024-01-11T08:07:47","guid":{"rendered":"https:\/\/ecoprev.fr\/?page_id=404"},"modified":"2026-03-23T09:35:05","modified_gmt":"2026-03-23T08:35:05","slug":"sauveteur-secouriste-du-travail-sst","status":"publish","type":"page","link":"https:\/\/ecoprev.fr\/index.php\/sauveteur-secouriste-du-travail-sst\/","title":{"rendered":"SAUVETEUR SECOURISTE DU TRAVAIL (SST)"},"content":{"rendered":"\t\t<div data-elementor-type=\"wp-page\" data-elementor-id=\"404\" class=\"elementor elementor-404\">\n\t\t\t\t\t\t<section class=\"elementor-section elementor-top-section elementor-element elementor-element-271b9d6d elementor-section-height-min-height elementor-section-boxed elementor-section-height-default elementor-section-items-middle\" data-id=\"271b9d6d\" data-element_type=\"section\" data-settings=\"{&quot;background_background&quot;:&quot;classic&quot;}\">\n\t\t\t\t\t\t\t<div class=\"elementor-background-overlay\"><\/div>\n\t\t\t\t\t\t\t<div class=\"elementor-container elementor-column-gap-extended\">\n\t\t\t\t\t<div class=\"elementor-column elementor-col-100 elementor-top-column elementor-element elementor-element-4b578afd\" data-id=\"4b578afd\" data-element_type=\"column\">\n\t\t\t<div class=\"elementor-widget-wrap elementor-element-populated\">\n\t\t\t\t\t\t<div class=\"elementor-element elementor-element-7c7f12e5 elementor-widget elementor-widget-heading\" data-id=\"7c7f12e5\" data-element_type=\"widget\" data-widget_type=\"heading.default\">\n\t\t\t\t<div class=\"elementor-widget-container\">\n\t\t\t\t\t<h1 class=\"elementor-heading-title elementor-size-default\">SAUVETEUR SECOURISTE DU TRAVAIL (SST)<\/h1>\t\t\t\t<\/div>\n\t\t\t\t<\/div>\n\t\t\t\t\t<\/div>\n\t\t<\/div>\n\t\t\t\t\t<\/div>\n\t\t<\/section>\n\t\t\t\t<section class=\"elementor-section elementor-top-section elementor-element elementor-element-6f77d41d elementor-section-content-middle elementor-section-boxed elementor-section-height-default elementor-section-height-default\" data-id=\"6f77d41d\" data-element_type=\"section\" data-settings=\"{&quot;background_background&quot;:&quot;classic&quot;}\">\n\t\t\t\t\t\t<div class=\"elementor-container elementor-column-gap-default\">\n\t\t\t\t\t<div class=\"elementor-column elementor-col-50 elementor-top-column elementor-element elementor-element-399f6764\" data-id=\"399f6764\" data-element_type=\"column\">\n\t\t\t<div class=\"elementor-widget-wrap elementor-element-populated\">\n\t\t\t\t\t\t<div class=\"elementor-element elementor-element-3c693d3a elementor-widget__width-initial elementor-widget elementor-widget-image\" data-id=\"3c693d3a\" data-element_type=\"widget\" data-widget_type=\"image.default\">\n\t\t\t\t<div class=\"elementor-widget-container\">\n\t\t\t\t\t\t\t\t\t\t\t\t\t\t\t<img fetchpriority=\"high\" decoding=\"async\" width=\"600\" height=\"400\" src=\"https:\/\/ecoprev.fr\/wp-content\/uploads\/2024\/01\/depositphotos_178769888-stock-photo-cpr-practice-woman-man-cpr.webp\" class=\"attachment-full size-full wp-image-434\" alt=\"\" srcset=\"https:\/\/ecoprev.fr\/wp-content\/uploads\/2024\/01\/depositphotos_178769888-stock-photo-cpr-practice-woman-man-cpr.webp 600w, https:\/\/ecoprev.fr\/wp-content\/uploads\/2024\/01\/depositphotos_178769888-stock-photo-cpr-practice-woman-man-cpr-300x200.webp 300w\" sizes=\"(max-width: 600px) 100vw, 600px\" \/>\t\t\t\t\t\t\t\t\t\t\t\t\t\t\t<\/div>\n\t\t\t\t<\/div>\n\t\t\t\t<div class=\"elementor-element elementor-element-b50aa03 elementor-widget__width-initial elementor-widget elementor-widget-image\" data-id=\"b50aa03\" data-element_type=\"widget\" data-widget_type=\"image.default\">\n\t\t\t\t<div class=\"elementor-widget-container\">\n\t\t\t\t\t\t\t\t\t\t\t\t\t\t\t<img decoding=\"async\" width=\"449\" height=\"425\" src=\"https:\/\/ecoprev.fr\/wp-content\/uploads\/2024\/01\/SST-1.png\" class=\"attachment-full size-full wp-image-187\" alt=\"\" srcset=\"https:\/\/ecoprev.fr\/wp-content\/uploads\/2024\/01\/SST-1.png 449w, https:\/\/ecoprev.fr\/wp-content\/uploads\/2024\/01\/SST-1-300x284.png 300w\" sizes=\"(max-width: 449px) 100vw, 449px\" \/>\t\t\t\t\t\t\t\t\t\t\t\t\t\t\t<\/div>\n\t\t\t\t<\/div>\n\t\t\t\t\t<\/div>\n\t\t<\/div>\n\t\t\t\t<div class=\"elementor-column elementor-col-50 elementor-top-column elementor-element elementor-element-4860e765\" data-id=\"4860e765\" data-element_type=\"column\">\n\t\t\t<div class=\"elementor-widget-wrap elementor-element-populated\">\n\t\t\t\t\t\t<div class=\"elementor-element elementor-element-39115628 elementor-widget elementor-widget-heading\" data-id=\"39115628\" data-element_type=\"widget\" data-widget_type=\"heading.default\">\n\t\t\t\t<div class=\"elementor-widget-container\">\n\t\t\t\t\t<h2 class=\"elementor-heading-title elementor-size-default\">La formation initiale du Sauveteur Secouriste du Travail<\/h2>\t\t\t\t<\/div>\n\t\t\t\t<\/div>\n\t\t\t\t<div class=\"elementor-element elementor-element-4d13d649 elementor-widget__width-initial elementor-widget elementor-widget-text-editor\" data-id=\"4d13d649\" data-element_type=\"widget\" data-widget_type=\"text-editor.default\">\n\t\t\t\t<div class=\"elementor-widget-container\">\n\t\t\t\t\t\t\t\t\t<p><span style=\"color: #202124; font-family: 'Google Sans', arial, sans-serif; font-size: 20px; background-color: #ffffff;\">Le salari\u00e9 sauveteur secouriste du travail (SST) a pour missions de porter les premiers secours \u00e0 toute victime d&rsquo;un accident du travail, mais aussi de participer \u00e0 la pr\u00e9vention des risques professionnels dans son entreprise.<\/span><\/p>\t\t\t\t\t\t\t\t<\/div>\n\t\t\t\t<\/div>\n\t\t\t\t\t<\/div>\n\t\t<\/div>\n\t\t\t\t\t<\/div>\n\t\t<\/section>\n\t\t<div class=\"elementor-element elementor-element-3af887b e-flex e-con-boxed e-con e-parent\" data-id=\"3af887b\" data-element_type=\"container\">\n\t\t\t\t\t<div class=\"e-con-inner\">\n\t\t<div class=\"elementor-element elementor-element-0af252d e-flex e-con-boxed e-con e-child\" data-id=\"0af252d\" data-element_type=\"container\">\n\t\t\t\t\t<div class=\"e-con-inner\">\n\t\t<div class=\"elementor-element elementor-element-c73b3be e-con-full e-flex e-con e-child\" data-id=\"c73b3be\" data-element_type=\"container\">\n\t\t\t\t<div class=\"elementor-element elementor-element-fc05ae6 elementor-button-warning elementor-align-center elementor-widget elementor-widget-button\" data-id=\"fc05ae6\" data-element_type=\"widget\" data-widget_type=\"button.default\">\n\t\t\t\t<div class=\"elementor-widget-container\">\n\t\t\t\t\t\t\t\t\t<div class=\"elementor-button-wrapper\">\n\t\t\t\t\t<a class=\"elementor-button elementor-button-link elementor-size-xl\" href=\"https:\/\/ecoprev.fr\/wp-content\/uploads\/2026\/03\/FP-SST-INITIALE.pdf\">\n\t\t\t\t\t\t<span class=\"elementor-button-content-wrapper\">\n\t\t\t\t\t\t\t\t\t<span class=\"elementor-button-text\">SST INITIALE - PROGRAMME PDF<\/span>\n\t\t\t\t\t<\/span>\n\t\t\t\t\t<\/a>\n\t\t\t\t<\/div>\n\t\t\t\t\t\t\t\t<\/div>\n\t\t\t\t<\/div>\n\t\t\t\t<\/div>\n\t\t<div class=\"elementor-element elementor-element-fac1a18 e-con-full e-flex e-con e-child\" data-id=\"fac1a18\" data-element_type=\"container\">\n\t\t\t\t<div class=\"elementor-element elementor-element-c9ae9f9 elementor-align-center elementor-widget elementor-widget-button\" data-id=\"c9ae9f9\" data-element_type=\"widget\" data-widget_type=\"button.default\">\n\t\t\t\t<div class=\"elementor-widget-container\">\n\t\t\t\t\t\t\t\t\t<div class=\"elementor-button-wrapper\">\n\t\t\t\t\t<a class=\"elementor-button elementor-button-link elementor-size-xl\" href=\"https:\/\/ecoprev.fr\/index.php\/contact\/\">\n\t\t\t\t\t\t<span class=\"elementor-button-content-wrapper\">\n\t\t\t\t\t\t\t\t\t<span class=\"elementor-button-text\">TARIF : Nous consulter<\/span>\n\t\t\t\t\t<\/span>\n\t\t\t\t\t<\/a>\n\t\t\t\t<\/div>\n\t\t\t\t\t\t\t\t<\/div>\n\t\t\t\t<\/div>\n\t\t\t\t<\/div>\n\t\t\t\t\t<\/div>\n\t\t\t\t<\/div>\n\t\t\t\t\t<\/div>\n\t\t\t\t<\/div>\n\t\t\t\t<section class=\"elementor-section elementor-top-section elementor-element elementor-element-259bc8da elementor-section-content-middle elementor-section-boxed elementor-section-height-default elementor-section-height-default\" data-id=\"259bc8da\" data-element_type=\"section\" data-settings=\"{&quot;background_background&quot;:&quot;classic&quot;}\">\n\t\t\t\t\t\t<div class=\"elementor-container elementor-column-gap-default\">\n\t\t\t\t\t<div class=\"elementor-column elementor-col-50 elementor-top-column elementor-element elementor-element-1ef312b8\" data-id=\"1ef312b8\" data-element_type=\"column\">\n\t\t\t<div class=\"elementor-widget-wrap elementor-element-populated\">\n\t\t\t\t\t\t<div class=\"elementor-element elementor-element-3a1dcce2 elementor-widget elementor-widget-heading\" data-id=\"3a1dcce2\" data-element_type=\"widget\" data-widget_type=\"heading.default\">\n\t\t\t\t<div class=\"elementor-widget-container\">\n\t\t\t\t\t<h2 class=\"elementor-heading-title elementor-size-default\">La maintien et l'actualisation des comp\u00e9tences (MAC) SST<\/h2>\t\t\t\t<\/div>\n\t\t\t\t<\/div>\n\t\t\t\t<div class=\"elementor-element elementor-element-17483118 elementor-widget elementor-widget-text-editor\" data-id=\"17483118\" data-element_type=\"widget\" data-widget_type=\"text-editor.default\">\n\t\t\t\t<div class=\"elementor-widget-container\">\n\t\t\t\t\t\t\t\t\t<p><span style=\"background-color: #ffffff;\">Tous les 2 ans, le Sauveteur Secouriste du Travail doit suivre une session de renouvellement afin de garantir le plein suivi de ses comp\u00e9tences acquises e formation initiale<\/span><\/p>\t\t\t\t\t\t\t\t<\/div>\n\t\t\t\t<\/div>\n\t\t\t\t\t<\/div>\n\t\t<\/div>\n\t\t\t\t<div class=\"elementor-column elementor-col-50 elementor-top-column elementor-element elementor-element-55b6868\" data-id=\"55b6868\" data-element_type=\"column\">\n\t\t\t<div class=\"elementor-widget-wrap elementor-element-populated\">\n\t\t\t\t\t\t<div class=\"elementor-element elementor-element-6bb0faf3 elementor-widget__width-initial elementor-widget elementor-widget-image\" data-id=\"6bb0faf3\" data-element_type=\"widget\" data-widget_type=\"image.default\">\n\t\t\t\t<div class=\"elementor-widget-container\">\n\t\t\t\t\t\t\t\t\t\t\t\t\t\t\t<img decoding=\"async\" width=\"600\" height=\"400\" src=\"https:\/\/ecoprev.fr\/wp-content\/uploads\/2024\/01\/depositphotos_340492958-stock-photo-alarm-helicopter-emergency-medical-service.webp\" class=\"attachment-full size-full wp-image-437\" alt=\"\" srcset=\"https:\/\/ecoprev.fr\/wp-content\/uploads\/2024\/01\/depositphotos_340492958-stock-photo-alarm-helicopter-emergency-medical-service.webp 600w, https:\/\/ecoprev.fr\/wp-content\/uploads\/2024\/01\/depositphotos_340492958-stock-photo-alarm-helicopter-emergency-medical-service-300x200.webp 300w\" sizes=\"(max-width: 600px) 100vw, 600px\" \/>\t\t\t\t\t\t\t\t\t\t\t\t\t\t\t<\/div>\n\t\t\t\t<\/div>\n\t\t\t\t<div class=\"elementor-element elementor-element-6885600 elementor-widget__width-initial elementor-widget elementor-widget-image\" data-id=\"6885600\" data-element_type=\"widget\" data-widget_type=\"image.default\">\n\t\t\t\t<div class=\"elementor-widget-container\">\n\t\t\t\t\t\t\t\t\t\t\t\t\t\t\t<img decoding=\"async\" width=\"449\" height=\"425\" src=\"https:\/\/ecoprev.fr\/wp-content\/uploads\/2024\/01\/SST-1.png\" class=\"attachment-full size-full wp-image-187\" alt=\"\" srcset=\"https:\/\/ecoprev.fr\/wp-content\/uploads\/2024\/01\/SST-1.png 449w, https:\/\/ecoprev.fr\/wp-content\/uploads\/2024\/01\/SST-1-300x284.png 300w\" sizes=\"(max-width: 449px) 100vw, 449px\" \/>\t\t\t\t\t\t\t\t\t\t\t\t\t\t\t<\/div>\n\t\t\t\t<\/div>\n\t\t\t\t\t<\/div>\n\t\t<\/div>\n\t\t\t\t\t<\/div>\n\t\t<\/section>\n\t\t<div class=\"elementor-element elementor-element-7b0a89d e-flex e-con-boxed e-con e-parent\" data-id=\"7b0a89d\" data-element_type=\"container\">\n\t\t\t\t\t<div class=\"e-con-inner\">\n\t\t<div class=\"elementor-element elementor-element-d6d62be e-flex e-con-boxed e-con e-child\" data-id=\"d6d62be\" data-element_type=\"container\">\n\t\t\t\t\t<div class=\"e-con-inner\">\n\t\t<div class=\"elementor-element elementor-element-535265f e-con-full e-flex e-con e-child\" data-id=\"535265f\" data-element_type=\"container\">\n\t\t\t\t<div class=\"elementor-element elementor-element-81787a0 elementor-button-warning elementor-align-center elementor-widget elementor-widget-button\" data-id=\"81787a0\" data-element_type=\"widget\" data-widget_type=\"button.default\">\n\t\t\t\t<div class=\"elementor-widget-container\">\n\t\t\t\t\t\t\t\t\t<div class=\"elementor-button-wrapper\">\n\t\t\t\t\t<a class=\"elementor-button elementor-button-link elementor-size-xl\" href=\"https:\/\/ecoprev.fr\/wp-content\/uploads\/2026\/03\/FP-SST-MAC.pdf\">\n\t\t\t\t\t\t<span class=\"elementor-button-content-wrapper\">\n\t\t\t\t\t\t\t\t\t<span class=\"elementor-button-text\">MAC SST - PROGRAMME PDF<\/span>\n\t\t\t\t\t<\/span>\n\t\t\t\t\t<\/a>\n\t\t\t\t<\/div>\n\t\t\t\t\t\t\t\t<\/div>\n\t\t\t\t<\/div>\n\t\t\t\t<\/div>\n\t\t<div class=\"elementor-element elementor-element-c81fee3 e-con-full e-flex e-con e-child\" data-id=\"c81fee3\" data-element_type=\"container\">\n\t\t\t\t<div class=\"elementor-element elementor-element-61100c5 elementor-align-center elementor-widget elementor-widget-button\" data-id=\"61100c5\" data-element_type=\"widget\" data-widget_type=\"button.default\">\n\t\t\t\t<div class=\"elementor-widget-container\">\n\t\t\t\t\t\t\t\t\t<div class=\"elementor-button-wrapper\">\n\t\t\t\t\t<a class=\"elementor-button elementor-button-link elementor-size-xl\" href=\"https:\/\/ecoprev.fr\/index.php\/contact\/\">\n\t\t\t\t\t\t<span class=\"elementor-button-content-wrapper\">\n\t\t\t\t\t\t\t\t\t<span class=\"elementor-button-text\">TARIF : Nous consulter<\/span>\n\t\t\t\t\t<\/span>\n\t\t\t\t\t<\/a>\n\t\t\t\t<\/div>\n\t\t\t\t\t\t\t\t<\/div>\n\t\t\t\t<\/div>\n\t\t\t\t<\/div>\n\t\t\t\t\t<\/div>\n\t\t\t\t<\/div>\n\t\t\t\t\t<\/div>\n\t\t\t\t<\/div>\n\t\t\t\t<section class=\"elementor-section elementor-top-section elementor-element elementor-element-2eb0ba1 elementor-section-content-middle elementor-section-boxed elementor-section-height-default elementor-section-height-default\" data-id=\"2eb0ba1\" data-element_type=\"section\" data-settings=\"{&quot;background_background&quot;:&quot;classic&quot;}\">\n\t\t\t\t\t\t<div class=\"elementor-container elementor-column-gap-default\">\n\t\t\t\t\t<div class=\"elementor-column elementor-col-50 elementor-top-column elementor-element elementor-element-6336e29\" data-id=\"6336e29\" data-element_type=\"column\">\n\t\t\t<div class=\"elementor-widget-wrap elementor-element-populated\">\n\t\t\t\t\t\t<div class=\"elementor-element elementor-element-2d21eac elementor-widget elementor-widget-heading\" data-id=\"2d21eac\" data-element_type=\"widget\" data-widget_type=\"heading.default\">\n\t\t\t\t<div class=\"elementor-widget-container\">\n\t\t\t\t\t<h2 class=\"elementor-heading-title elementor-size-default\">Pour aller plus loin : Sauveteur Secouriste Canin<\/h2>\t\t\t\t<\/div>\n\t\t\t\t<\/div>\n\t\t\t\t<div class=\"elementor-element elementor-element-38cc22e elementor-widget elementor-widget-text-editor\" data-id=\"38cc22e\" data-element_type=\"widget\" data-widget_type=\"text-editor.default\">\n\t\t\t\t<div class=\"elementor-widget-container\">\n\t\t\t\t\t\t\t\t\t<p><span style=\"background-color: #ffffff;\">NOUS CONSULTER<\/span><\/p>\t\t\t\t\t\t\t\t<\/div>\n\t\t\t\t<\/div>\n\t\t\t\t\t<\/div>\n\t\t<\/div>\n\t\t\t\t<div class=\"elementor-column elementor-col-50 elementor-top-column elementor-element elementor-element-47dceaa\" data-id=\"47dceaa\" data-element_type=\"column\">\n\t\t\t<div class=\"elementor-widget-wrap elementor-element-populated\">\n\t\t\t\t\t\t<div class=\"elementor-element elementor-element-d2f8fb5 elementor-widget__width-initial elementor-widget elementor-widget-image\" data-id=\"d2f8fb5\" data-element_type=\"widget\" data-widget_type=\"image.default\">\n\t\t\t\t<div class=\"elementor-widget-container\">\n\t\t\t\t\t\t\t\t\t\t\t\t\t\t\t<img loading=\"lazy\" decoding=\"async\" width=\"600\" height=\"483\" src=\"https:\/\/ecoprev.fr\/wp-content\/uploads\/2024\/01\/depositphotos_38702525-stock-photo-dog-rescue.webp\" class=\"attachment-full size-full wp-image-436\" alt=\"\" srcset=\"https:\/\/ecoprev.fr\/wp-content\/uploads\/2024\/01\/depositphotos_38702525-stock-photo-dog-rescue.webp 600w, https:\/\/ecoprev.fr\/wp-content\/uploads\/2024\/01\/depositphotos_38702525-stock-photo-dog-rescue-300x242.webp 300w\" sizes=\"(max-width: 600px) 100vw, 600px\" \/>\t\t\t\t\t\t\t\t\t\t\t\t\t\t\t<\/div>\n\t\t\t\t<\/div>\n\t\t\t\t\t<\/div>\n\t\t<\/div>\n\t\t\t\t\t<\/div>\n\t\t<\/section>\n\t\t<div class=\"elementor-element elementor-element-4436e17 e-flex e-con-boxed e-con e-parent\" data-id=\"4436e17\" data-element_type=\"container\">\n\t\t\t\t\t<div class=\"e-con-inner\">\n\t\t<div class=\"elementor-element elementor-element-aeec5ff e-con-full e-flex e-con e-child\" data-id=\"aeec5ff\" data-element_type=\"container\">\n\t\t<div class=\"elementor-element elementor-element-3116751 e-con-full e-flex e-con e-child\" data-id=\"3116751\" data-element_type=\"container\">\n\t\t<div class=\"elementor-element elementor-element-b0900c5 e-con-full e-flex e-con e-child\" data-id=\"b0900c5\" data-element_type=\"container\">\n\t\t<div class=\"elementor-element elementor-element-6115a7c e-con-full e-flex e-con e-child\" data-id=\"6115a7c\" data-element_type=\"container\">\n\t\t\t\t<div class=\"elementor-element elementor-element-32ebd1c elementor-widget elementor-widget-text-editor\" data-id=\"32ebd1c\" data-element_type=\"widget\" data-widget_type=\"text-editor.default\">\n\t\t\t\t<div class=\"elementor-widget-container\">\n\t\t\t\t\t\t\t\t\t<h5>Les formations Sauveteur Secouriste du Travail, diffus\u00e9es par l&rsquo;organisme de formation ECOPREV, ont donn\u00e9 lieu \u00e0 un taux de satisfaction globale des stagiaires de :<\/h5>\t\t\t\t\t\t\t\t<\/div>\n\t\t\t\t<\/div>\n\t\t\t\t<div class=\"elementor-element elementor-element-4c61943 elementor-button-success elementor-align-center elementor-widget elementor-widget-button\" data-id=\"4c61943\" data-element_type=\"widget\" data-widget_type=\"button.default\">\n\t\t\t\t<div class=\"elementor-widget-container\">\n\t\t\t\t\t\t\t\t\t<div class=\"elementor-button-wrapper\">\n\t\t\t\t\t<a class=\"elementor-button elementor-button-link elementor-size-lg\" href=\"#\">\n\t\t\t\t\t\t<span class=\"elementor-button-content-wrapper\">\n\t\t\t\t\t\t\t\t\t<span class=\"elementor-button-text\">97%<\/span>\n\t\t\t\t\t<\/span>\n\t\t\t\t\t<\/a>\n\t\t\t\t<\/div>\n\t\t\t\t\t\t\t\t<\/div>\n\t\t\t\t<\/div>\n\t\t\t\t<\/div>\n\t\t\t\t<\/div>\n\t\t\t\t<\/div>\n\t\t\t\t<\/div>\n\t\t\t\t\t<\/div>\n\t\t\t\t<\/div>\n\t\t\t\t<\/div>\n\t\t","protected":false},"excerpt":{"rendered":"<p>SAUVETEUR SECOURISTE DU TRAVAIL (SST) La formation initiale du Sauveteur Secouriste du Travail Le salari\u00e9 sauveteur secouriste du travail (SST) a pour missions de porter les premiers secours \u00e0 toute victime d&rsquo;un accident du travail, mais aussi de participer \u00e0 la pr\u00e9vention des risques professionnels dans son entreprise. SST INITIALE &#8211; PROGRAMME PDF TARIF :&hellip;&nbsp;<a href=\"https:\/\/ecoprev.fr\/index.php\/sauveteur-secouriste-du-travail-sst\/\" rel=\"bookmark\">Lire la suite &raquo;<span class=\"screen-reader-text\">SAUVETEUR SECOURISTE DU TRAVAIL (SST)<\/span><\/a><\/p>\n","protected":false},"author":1,"featured_media":0,"parent":0,"menu_order":0,"comment_status":"closed","ping_status":"closed","template":"page-templates\/template-pagebuilder-full-width.php","meta":{"neve_meta_sidebar":"","neve_meta_container":"","neve_meta_enable_content_width":"","neve_meta_content_width":0,"neve_meta_title_alignment":"","neve_meta_author_avatar":"","neve_post_elements_order":"","neve_meta_disable_header":"","neve_meta_disable_footer":"","neve_meta_disable_title":"","_themeisle_gutenberg_block_has_review":false,"footnotes":""},"class_list":["post-404","page","type-page","status-publish","hentry"],"aioseo_notices":[],"_links":{"self":[{"href":"https:\/\/ecoprev.fr\/index.php\/wp-json\/wp\/v2\/pages\/404","targetHints":{"allow":["GET"]}}],"collection":[{"href":"https:\/\/ecoprev.fr\/index.php\/wp-json\/wp\/v2\/pages"}],"about":[{"href":"https:\/\/ecoprev.fr\/index.php\/wp-json\/wp\/v2\/types\/page"}],"author":[{"embeddable":true,"href":"https:\/\/ecoprev.fr\/index.php\/wp-json\/wp\/v2\/users\/1"}],"replies":[{"embeddable":true,"href":"https:\/\/ecoprev.fr\/index.php\/wp-json\/wp\/v2\/comments?post=404"}],"version-history":[{"count":55,"href":"https:\/\/ecoprev.fr\/index.php\/wp-json\/wp\/v2\/pages\/404\/revisions"}],"predecessor-version":[{"id":1786,"href":"https:\/\/ecoprev.fr\/index.php\/wp-json\/wp\/v2\/pages\/404\/revisions\/1786"}],"wp:attachment":[{"href":"https:\/\/ecoprev.fr\/index.php\/wp-json\/wp\/v2\/media?parent=404"}],"curies":[{"name":"wp","href":"https:\/\/api.w.org\/{rel}","templated":true}]}}