{"id":366,"date":"2024-01-10T16:06:04","date_gmt":"2024-01-10T15:06:04","guid":{"rendered":"https:\/\/ecoprev.fr\/?page_id=366"},"modified":"2026-03-23T09:22:56","modified_gmt":"2026-03-23T08:22:56","slug":"appareil-respiratoire-isolant-ari-masque-espace-confine-confine-travail-en-espace-confine-catec","status":"publish","type":"page","link":"https:\/\/ecoprev.fr\/index.php\/appareil-respiratoire-isolant-ari-masque-espace-confine-confine-travail-en-espace-confine-catec\/","title":{"rendered":"APPAREIL RESPIRATOIRE ISOLANT (ARI) \/ ESPACE CONFINE"},"content":{"rendered":"\t\t<div data-elementor-type=\"wp-page\" data-elementor-id=\"366\" class=\"elementor elementor-366\">\n\t\t\t\t\t\t<section class=\"elementor-section elementor-top-section elementor-element elementor-element-6594917 elementor-section-height-min-height elementor-section-boxed elementor-section-height-default elementor-section-items-middle\" data-id=\"6594917\" data-element_type=\"section\" data-settings=\"{&quot;background_background&quot;:&quot;classic&quot;}\">\n\t\t\t\t\t\t\t<div class=\"elementor-background-overlay\"><\/div>\n\t\t\t\t\t\t\t<div class=\"elementor-container elementor-column-gap-extended\">\n\t\t\t\t\t<div class=\"elementor-column elementor-col-100 elementor-top-column elementor-element elementor-element-37f4c5f0\" data-id=\"37f4c5f0\" data-element_type=\"column\">\n\t\t\t<div class=\"elementor-widget-wrap elementor-element-populated\">\n\t\t\t\t\t\t<div class=\"elementor-element elementor-element-43e61f9 elementor-widget elementor-widget-heading\" data-id=\"43e61f9\" data-element_type=\"widget\" data-widget_type=\"heading.default\">\n\t\t\t\t<div class=\"elementor-widget-container\">\n\t\t\t\t\t<h1 class=\"elementor-heading-title elementor-size-default\">PORT DE L'APPAREIL RESPIRATOIRE ISOLANT (ARI) \/ ESPACE CONFINE<\/h1>\t\t\t\t<\/div>\n\t\t\t\t<\/div>\n\t\t\t\t\t<\/div>\n\t\t<\/div>\n\t\t\t\t\t<\/div>\n\t\t<\/section>\n\t\t\t\t<section class=\"elementor-section elementor-top-section elementor-element elementor-element-1f72cd26 elementor-section-content-middle elementor-section-boxed elementor-section-height-default elementor-section-height-default\" data-id=\"1f72cd26\" data-element_type=\"section\" data-settings=\"{&quot;background_background&quot;:&quot;classic&quot;}\">\n\t\t\t\t\t\t<div class=\"elementor-container elementor-column-gap-default\">\n\t\t\t\t\t<div class=\"elementor-column elementor-col-50 elementor-top-column elementor-element elementor-element-3d4f15fc\" data-id=\"3d4f15fc\" data-element_type=\"column\">\n\t\t\t<div class=\"elementor-widget-wrap elementor-element-populated\">\n\t\t\t\t\t\t<div class=\"elementor-element elementor-element-31a141d0 elementor-widget elementor-widget-image\" data-id=\"31a141d0\" data-element_type=\"widget\" data-widget_type=\"image.default\">\n\t\t\t\t<div class=\"elementor-widget-container\">\n\t\t\t\t\t\t\t\t\t\t\t\t\t\t\t<img fetchpriority=\"high\" decoding=\"async\" width=\"824\" height=\"1308\" src=\"https:\/\/ecoprev.fr\/wp-content\/uploads\/2024\/01\/Screenshot_20240110_161003_Leboncoin.jpg\" class=\"attachment-full size-full wp-image-515\" alt=\"\" srcset=\"https:\/\/ecoprev.fr\/wp-content\/uploads\/2024\/01\/Screenshot_20240110_161003_Leboncoin.jpg 824w, https:\/\/ecoprev.fr\/wp-content\/uploads\/2024\/01\/Screenshot_20240110_161003_Leboncoin-189x300.jpg 189w, https:\/\/ecoprev.fr\/wp-content\/uploads\/2024\/01\/Screenshot_20240110_161003_Leboncoin-645x1024.jpg 645w, https:\/\/ecoprev.fr\/wp-content\/uploads\/2024\/01\/Screenshot_20240110_161003_Leboncoin-768x1219.jpg 768w\" sizes=\"(max-width: 824px) 100vw, 824px\" \/>\t\t\t\t\t\t\t\t\t\t\t\t\t\t\t<\/div>\n\t\t\t\t<\/div>\n\t\t\t\t\t<\/div>\n\t\t<\/div>\n\t\t\t\t<div class=\"elementor-column elementor-col-50 elementor-top-column elementor-element elementor-element-55fdd1d1\" data-id=\"55fdd1d1\" data-element_type=\"column\">\n\t\t\t<div class=\"elementor-widget-wrap elementor-element-populated\">\n\t\t\t\t\t\t<div class=\"elementor-element elementor-element-4890355c elementor-widget elementor-widget-heading\" data-id=\"4890355c\" data-element_type=\"widget\" data-widget_type=\"heading.default\">\n\t\t\t\t<div class=\"elementor-widget-container\">\n\t\t\t\t\t<h2 class=\"elementor-heading-title elementor-size-default\">Entrainement au port de l'Appareil Respiratoire Isolant (ARI) : L'ARI, Un \u00e9quipement vital<\/h2>\t\t\t\t<\/div>\n\t\t\t\t<\/div>\n\t\t\t\t<div class=\"elementor-element elementor-element-71e3940e elementor-widget__width-initial elementor-widget elementor-widget-text-editor\" data-id=\"71e3940e\" data-element_type=\"widget\" data-widget_type=\"text-editor.default\">\n\t\t\t\t<div class=\"elementor-widget-container\">\n\t\t\t\t\t\t\t\t\t<p><span style=\"color: #4d5156; font-family: 'Google Sans', arial, sans-serif; background-color: #ffffff;\">Les appareils respiratoires isolants (ARI) sont des \u00e9quipements de protection. Ils ont pour but de\u00a0<\/span><span style=\"background-color: rgba(80, 151, 255, 0.18); color: #040c28; font-family: 'Google Sans', arial, sans-serif;\">cr\u00e9er et de maintenir une atmosph\u00e8re respirable, isol\u00e9e de l&rsquo;air ext\u00e9rieur infect\u00e9<\/span><span style=\"color: #4d5156; font-family: 'Google Sans', arial, sans-serif; background-color: #ffffff;\">\u00a0(fum\u00e9es d&rsquo;incendie, atmosph\u00e8re toxique, etc.)<\/span><\/p>\t\t\t\t\t\t\t\t<\/div>\n\t\t\t\t<\/div>\n\t\t\t\t\t<\/div>\n\t\t<\/div>\n\t\t\t\t\t<\/div>\n\t\t<\/section>\n\t\t<div class=\"elementor-element elementor-element-d6841d8 e-flex e-con-boxed e-con e-parent\" data-id=\"d6841d8\" data-element_type=\"container\">\n\t\t\t\t\t<div class=\"e-con-inner\">\n\t\t<div class=\"elementor-element elementor-element-ddbe435 e-con-full e-flex e-con e-child\" data-id=\"ddbe435\" data-element_type=\"container\">\n\t\t\t\t<div class=\"elementor-element elementor-element-8006631 elementor-button-warning elementor-align-center elementor-widget elementor-widget-button\" data-id=\"8006631\" data-element_type=\"widget\" data-widget_type=\"button.default\">\n\t\t\t\t<div class=\"elementor-widget-container\">\n\t\t\t\t\t\t\t\t\t<div class=\"elementor-button-wrapper\">\n\t\t\t\t\t<a class=\"elementor-button elementor-button-link elementor-size-xl\" href=\"https:\/\/ecoprev.fr\/wp-content\/uploads\/2026\/03\/FP-ARI-INITIALE.pdf\">\n\t\t\t\t\t\t<span class=\"elementor-button-content-wrapper\">\n\t\t\t\t\t\t\t\t\t<span class=\"elementor-button-text\">ARI INITIALE - PROGRAMME PDF<\/span>\n\t\t\t\t\t<\/span>\n\t\t\t\t\t<\/a>\n\t\t\t\t<\/div>\n\t\t\t\t\t\t\t\t<\/div>\n\t\t\t\t<\/div>\n\t\t\t\t<\/div>\n\t\t<div class=\"elementor-element elementor-element-0caed4a e-con-full e-flex e-con e-child\" data-id=\"0caed4a\" data-element_type=\"container\">\n\t\t\t\t<div class=\"elementor-element elementor-element-6ee5f1c elementor-align-center elementor-widget elementor-widget-button\" data-id=\"6ee5f1c\" data-element_type=\"widget\" data-widget_type=\"button.default\">\n\t\t\t\t<div class=\"elementor-widget-container\">\n\t\t\t\t\t\t\t\t\t<div class=\"elementor-button-wrapper\">\n\t\t\t\t\t<a class=\"elementor-button elementor-button-link elementor-size-xl\" href=\"https:\/\/ecoprev.fr\/index.php\/contact\/\">\n\t\t\t\t\t\t<span class=\"elementor-button-content-wrapper\">\n\t\t\t\t\t\t\t\t\t<span class=\"elementor-button-text\">TARIF : Nous consulter<\/span>\n\t\t\t\t\t<\/span>\n\t\t\t\t\t<\/a>\n\t\t\t\t<\/div>\n\t\t\t\t\t\t\t\t<\/div>\n\t\t\t\t<\/div>\n\t\t\t\t<\/div>\n\t\t\t\t\t<\/div>\n\t\t\t\t<\/div>\n\t\t\t\t<section class=\"elementor-section elementor-top-section elementor-element elementor-element-2bb9abe2 elementor-section-content-middle elementor-section-boxed elementor-section-height-default elementor-section-height-default\" data-id=\"2bb9abe2\" data-element_type=\"section\" data-settings=\"{&quot;background_background&quot;:&quot;classic&quot;}\">\n\t\t\t\t\t\t<div class=\"elementor-container elementor-column-gap-default\">\n\t\t\t\t\t<div class=\"elementor-column elementor-col-50 elementor-top-column elementor-element elementor-element-47a6e69d\" data-id=\"47a6e69d\" data-element_type=\"column\">\n\t\t\t<div class=\"elementor-widget-wrap elementor-element-populated\">\n\t\t\t\t\t\t<div class=\"elementor-element elementor-element-40c3ad3f elementor-widget elementor-widget-heading\" data-id=\"40c3ad3f\" data-element_type=\"widget\" data-widget_type=\"heading.default\">\n\t\t\t\t<div class=\"elementor-widget-container\">\n\t\t\t\t\t<h2 class=\"elementor-heading-title elementor-size-default\">Le recyclage de l'ARI est pr\u00e9conis\u00e9 tous les 3 ans (1 \u00e0 2 ans pour les utilisateurs r\u00e9guliers)<\/h2>\t\t\t\t<\/div>\n\t\t\t\t<\/div>\n\t\t\t\t<div class=\"elementor-element elementor-element-16ef91f4 elementor-widget__width-initial elementor-widget elementor-widget-text-editor\" data-id=\"16ef91f4\" data-element_type=\"widget\" data-widget_type=\"text-editor.default\">\n\t\t\t\t<div class=\"elementor-widget-container\">\n\t\t\t\t\t\t\t\t\t<p>Il est indispensable de ma\u00eetriser l&rsquo;utilisation de cet \u00e9quipement en cas d&rsquo;intervention. En effet, la situation \u00e9tant probablement d\u00e9grad\u00e9e, un certain nombre de facteurs physiologiques entrent en consid\u00e9ration et le sang froid est essentiel.\u00a0<\/p>\t\t\t\t\t\t\t\t<\/div>\n\t\t\t\t<\/div>\n\t\t\t\t\t<\/div>\n\t\t<\/div>\n\t\t\t\t<div class=\"elementor-column elementor-col-50 elementor-top-column elementor-element elementor-element-524cfc16\" data-id=\"524cfc16\" data-element_type=\"column\">\n\t\t\t<div class=\"elementor-widget-wrap elementor-element-populated\">\n\t\t\t\t\t\t<div class=\"elementor-element elementor-element-5efb0f3e elementor-widget elementor-widget-image\" data-id=\"5efb0f3e\" data-element_type=\"widget\" data-widget_type=\"image.default\">\n\t\t\t\t<div class=\"elementor-widget-container\">\n\t\t\t\t\t\t\t\t\t\t\t\t\t\t\t<img decoding=\"async\" width=\"558\" height=\"872\" src=\"https:\/\/ecoprev.fr\/wp-content\/uploads\/2024\/01\/Screenshot_20240110_161021_Leboncoin.jpg\" class=\"attachment-full size-full wp-image-517\" alt=\"\" srcset=\"https:\/\/ecoprev.fr\/wp-content\/uploads\/2024\/01\/Screenshot_20240110_161021_Leboncoin.jpg 558w, https:\/\/ecoprev.fr\/wp-content\/uploads\/2024\/01\/Screenshot_20240110_161021_Leboncoin-192x300.jpg 192w\" sizes=\"(max-width: 558px) 100vw, 558px\" \/>\t\t\t\t\t\t\t\t\t\t\t\t\t\t\t<\/div>\n\t\t\t\t<\/div>\n\t\t\t\t\t<\/div>\n\t\t<\/div>\n\t\t\t\t\t<\/div>\n\t\t<\/section>\n\t\t<div class=\"elementor-element elementor-element-8fcfba3 e-flex e-con-boxed e-con e-parent\" data-id=\"8fcfba3\" data-element_type=\"container\">\n\t\t\t\t\t<div class=\"e-con-inner\">\n\t\t<div class=\"elementor-element elementor-element-66c3642 e-con-full e-flex e-con e-child\" data-id=\"66c3642\" data-element_type=\"container\">\n\t\t\t\t<div class=\"elementor-element elementor-element-cf7b54e elementor-button-warning elementor-align-center elementor-widget elementor-widget-button\" data-id=\"cf7b54e\" data-element_type=\"widget\" data-widget_type=\"button.default\">\n\t\t\t\t<div class=\"elementor-widget-container\">\n\t\t\t\t\t\t\t\t\t<div class=\"elementor-button-wrapper\">\n\t\t\t\t\t<a class=\"elementor-button elementor-button-link elementor-size-xl\" href=\"https:\/\/ecoprev.fr\/wp-content\/uploads\/2026\/03\/FP-ARI-RECYCLAGE.pdf\">\n\t\t\t\t\t\t<span class=\"elementor-button-content-wrapper\">\n\t\t\t\t\t\t\t\t\t<span class=\"elementor-button-text\">ARI RECYCLAGE - PROGRAMME PDF<\/span>\n\t\t\t\t\t<\/span>\n\t\t\t\t\t<\/a>\n\t\t\t\t<\/div>\n\t\t\t\t\t\t\t\t<\/div>\n\t\t\t\t<\/div>\n\t\t\t\t<\/div>\n\t\t<div class=\"elementor-element elementor-element-f69f403 e-con-full e-flex e-con e-child\" data-id=\"f69f403\" data-element_type=\"container\">\n\t\t\t\t<div class=\"elementor-element elementor-element-bf741ce elementor-align-center elementor-widget elementor-widget-button\" data-id=\"bf741ce\" data-element_type=\"widget\" data-widget_type=\"button.default\">\n\t\t\t\t<div class=\"elementor-widget-container\">\n\t\t\t\t\t\t\t\t\t<div class=\"elementor-button-wrapper\">\n\t\t\t\t\t<a class=\"elementor-button elementor-button-link elementor-size-xl\" href=\"https:\/\/ecoprev.fr\/index.php\/contact\/\">\n\t\t\t\t\t\t<span class=\"elementor-button-content-wrapper\">\n\t\t\t\t\t\t\t\t\t<span class=\"elementor-button-text\">TARIF : Nous consulter<\/span>\n\t\t\t\t\t<\/span>\n\t\t\t\t\t<\/a>\n\t\t\t\t<\/div>\n\t\t\t\t\t\t\t\t<\/div>\n\t\t\t\t<\/div>\n\t\t\t\t<\/div>\n\t\t\t\t\t<\/div>\n\t\t\t\t<\/div>\n\t\t\t\t<section class=\"elementor-section elementor-top-section elementor-element elementor-element-4058377 elementor-section-content-middle elementor-section-boxed elementor-section-height-default elementor-section-height-default\" data-id=\"4058377\" data-element_type=\"section\" data-settings=\"{&quot;background_background&quot;:&quot;classic&quot;}\">\n\t\t\t\t\t\t<div class=\"elementor-container elementor-column-gap-default\">\n\t\t\t\t\t<div class=\"elementor-column elementor-col-50 elementor-top-column elementor-element elementor-element-75094f5\" data-id=\"75094f5\" data-element_type=\"column\">\n\t\t\t<div class=\"elementor-widget-wrap elementor-element-populated\">\n\t\t\t\t\t\t<div class=\"elementor-element elementor-element-3786100 elementor-widget elementor-widget-heading\" data-id=\"3786100\" data-element_type=\"widget\" data-widget_type=\"heading.default\">\n\t\t\t\t<div class=\"elementor-widget-container\">\n\t\t\t\t\t<h2 class=\"elementor-heading-title elementor-size-default\">Travailler en espace confin\u00e9 en s\u00e9curit\u00e9<\/h2>\t\t\t\t<\/div>\n\t\t\t\t<\/div>\n\t\t\t\t<div class=\"elementor-element elementor-element-76657e6 elementor-widget__width-initial elementor-widget elementor-widget-text-editor\" data-id=\"76657e6\" data-element_type=\"widget\" data-widget_type=\"text-editor.default\">\n\t\t\t\t<div class=\"elementor-widget-container\">\n\t\t\t\t\t\t\t\t\t<p>Toutes les personnes impliqu\u00e9es \u00e0 quelque degr\u00e9 que ce soit dans le travail en espace confin\u00e9 doivent avoir re\u00e7u pr\u00e9alablement \u00e0 leur prise de fonction, en sus<br \/>des formations de base \u00e0 la s\u00e9curit\u00e9, une formation adapt\u00e9e, sp\u00e9cifique aux risques rencontr\u00e9s.<br \/>La formation de travail en espace confin\u00e9 doit permettre aux participants d&rsquo;acqu\u00e9rir les connaissances n\u00e9cessaires \u00e0 leur propre s\u00e9curit\u00e9 mais aussi \u00e0 celle de ceux avec qui<br \/>ils sont amen\u00e9s \u00e0 intervenir. Ils doivent \u00eatre capables de :\u00a0<\/p><ul><li>Identifier les types d\u2019espaces confin\u00e9s<\/li><li>Analyser les risques et mettre en place les moyens de pr\u00e9vention adapt\u00e9s<\/li><li>Conna\u00eetre le r\u00f4le des surveillants et intervenants et la conduite \u00e0 tenir en cas d\u2019incident,<\/li><li>Utiliser le mat\u00e9riel de d\u00e9tection et R\u00e9agir en cas d\u2019urgence<\/li><\/ul>\t\t\t\t\t\t\t\t<\/div>\n\t\t\t\t<\/div>\n\t\t\t\t\t<\/div>\n\t\t<\/div>\n\t\t\t\t<div class=\"elementor-column elementor-col-50 elementor-top-column elementor-element elementor-element-9e08f3b\" data-id=\"9e08f3b\" data-element_type=\"column\">\n\t\t\t<div class=\"elementor-widget-wrap elementor-element-populated\">\n\t\t\t\t\t\t<div class=\"elementor-element elementor-element-7f1beb2 elementor-widget elementor-widget-image\" data-id=\"7f1beb2\" data-element_type=\"widget\" data-widget_type=\"image.default\">\n\t\t\t\t<div class=\"elementor-widget-container\">\n\t\t\t\t\t\t\t\t\t\t\t\t\t\t\t<img decoding=\"async\" width=\"314\" height=\"312\" src=\"https:\/\/ecoprev.fr\/wp-content\/uploads\/2025\/05\/esp-conf.jpg\" class=\"attachment-full size-full wp-image-1232\" alt=\"\" srcset=\"https:\/\/ecoprev.fr\/wp-content\/uploads\/2025\/05\/esp-conf.jpg 314w, https:\/\/ecoprev.fr\/wp-content\/uploads\/2025\/05\/esp-conf-300x298.jpg 300w, https:\/\/ecoprev.fr\/wp-content\/uploads\/2025\/05\/esp-conf-150x150.jpg 150w\" sizes=\"(max-width: 314px) 100vw, 314px\" \/>\t\t\t\t\t\t\t\t\t\t\t\t\t\t\t<\/div>\n\t\t\t\t<\/div>\n\t\t\t\t\t<\/div>\n\t\t<\/div>\n\t\t\t\t\t<\/div>\n\t\t<\/section>\n\t\t<div class=\"elementor-element elementor-element-411ba85 e-flex e-con-boxed e-con e-parent\" data-id=\"411ba85\" data-element_type=\"container\">\n\t\t\t\t\t<div class=\"e-con-inner\">\n\t\t<div class=\"elementor-element elementor-element-45370f8 e-con-full e-flex e-con e-child\" data-id=\"45370f8\" data-element_type=\"container\">\n\t\t\t\t<div class=\"elementor-element elementor-element-8e5aa57 elementor-button-warning elementor-align-center elementor-widget elementor-widget-button\" data-id=\"8e5aa57\" data-element_type=\"widget\" data-widget_type=\"button.default\">\n\t\t\t\t<div class=\"elementor-widget-container\">\n\t\t\t\t\t\t\t\t\t<div class=\"elementor-button-wrapper\">\n\t\t\t\t\t<a class=\"elementor-button elementor-button-link elementor-size-xl\" href=\"https:\/\/ecoprev.fr\/wp-content\/uploads\/2026\/03\/FP-ESP-CONFINE.pdf\">\n\t\t\t\t\t\t<span class=\"elementor-button-content-wrapper\">\n\t\t\t\t\t\t\t\t\t<span class=\"elementor-button-text\">ESPACE CONFINE - PROGRAMME PDF<\/span>\n\t\t\t\t\t<\/span>\n\t\t\t\t\t<\/a>\n\t\t\t\t<\/div>\n\t\t\t\t\t\t\t\t<\/div>\n\t\t\t\t<\/div>\n\t\t\t\t<\/div>\n\t\t<div class=\"elementor-element elementor-element-14ca642 e-con-full e-flex e-con e-child\" data-id=\"14ca642\" data-element_type=\"container\">\n\t\t\t\t<div class=\"elementor-element elementor-element-37a0a5e elementor-align-center elementor-widget elementor-widget-button\" data-id=\"37a0a5e\" data-element_type=\"widget\" data-widget_type=\"button.default\">\n\t\t\t\t<div class=\"elementor-widget-container\">\n\t\t\t\t\t\t\t\t\t<div class=\"elementor-button-wrapper\">\n\t\t\t\t\t<a class=\"elementor-button elementor-button-link elementor-size-xl\" href=\"https:\/\/ecoprev.fr\/index.php\/contact\/\">\n\t\t\t\t\t\t<span class=\"elementor-button-content-wrapper\">\n\t\t\t\t\t\t\t\t\t<span class=\"elementor-button-text\">TARIF : Nous consulter<\/span>\n\t\t\t\t\t<\/span>\n\t\t\t\t\t<\/a>\n\t\t\t\t<\/div>\n\t\t\t\t\t\t\t\t<\/div>\n\t\t\t\t<\/div>\n\t\t\t\t<\/div>\n\t\t\t\t\t<\/div>\n\t\t\t\t<\/div>\n\t\t<div class=\"elementor-element elementor-element-5ff32d5 e-flex e-con-boxed e-con e-parent\" data-id=\"5ff32d5\" data-element_type=\"container\">\n\t\t\t\t\t<div class=\"e-con-inner\">\n\t\t<div class=\"elementor-element elementor-element-fefed5e e-con-full e-flex e-con e-child\" data-id=\"fefed5e\" data-element_type=\"container\">\n\t\t<div class=\"elementor-element elementor-element-85dae4c e-con-full e-flex e-con e-child\" data-id=\"85dae4c\" data-element_type=\"container\">\n\t\t\t\t<div class=\"elementor-element elementor-element-2a8796a elementor-widget elementor-widget-text-editor\" data-id=\"2a8796a\" data-element_type=\"widget\" data-widget_type=\"text-editor.default\">\n\t\t\t\t<div class=\"elementor-widget-container\">\n\t\t\t\t\t\t\t\t\t<h5>Les formations aux risques li\u00e9s au port d&rsquo;\u00e9quipement respiratoire et de travail en espace confin\u00e9 diffus\u00e9es par l&rsquo;organisme de formation ECOPREV ont donn\u00e9 lieu \u00e0 un taux de satisfaction globale des stagiaires de :<\/h5>\t\t\t\t\t\t\t\t<\/div>\n\t\t\t\t<\/div>\n\t\t\t\t<\/div>\n\t\t\t\t<\/div>\n\t\t\t\t\t<\/div>\n\t\t\t\t<\/div>\n\t\t<div class=\"elementor-element elementor-element-1364331 e-flex e-con-boxed e-con e-parent\" data-id=\"1364331\" data-element_type=\"container\">\n\t\t\t\t\t<div class=\"e-con-inner\">\n\t\t<div class=\"elementor-element elementor-element-ab996bf e-con-full e-flex e-con e-child\" data-id=\"ab996bf\" data-element_type=\"container\">\n\t\t\t\t<div class=\"elementor-element elementor-element-bf8284d elementor-button-success elementor-align-center elementor-widget elementor-widget-button\" data-id=\"bf8284d\" data-element_type=\"widget\" data-widget_type=\"button.default\">\n\t\t\t\t<div class=\"elementor-widget-container\">\n\t\t\t\t\t\t\t\t\t<div class=\"elementor-button-wrapper\">\n\t\t\t\t\t<a class=\"elementor-button elementor-button-link elementor-size-lg\" href=\"#\">\n\t\t\t\t\t\t<span class=\"elementor-button-content-wrapper\">\n\t\t\t\t\t\t\t\t\t<span class=\"elementor-button-text\">91,5%<\/span>\n\t\t\t\t\t<\/span>\n\t\t\t\t\t<\/a>\n\t\t\t\t<\/div>\n\t\t\t\t\t\t\t\t<\/div>\n\t\t\t\t<\/div>\n\t\t\t\t<\/div>\n\t\t\t\t<div class=\"elementor-element elementor-element-d1800cd elementor-widget elementor-widget-image\" data-id=\"d1800cd\" data-element_type=\"widget\" data-widget_type=\"image.default\">\n\t\t\t\t<div class=\"elementor-widget-container\">\n\t\t\t\t\t\t\t\t\t\t\t\t\t\t\t<img decoding=\"async\" src=\"https:\/\/ecoprev.fr\/wp-content\/uploads\/elementor\/thumbs\/MEDAILLE-r9rm84bopufg5bu74m7sbxz60dw6a9hbeh9l1qn0xg.jpg\" title=\"MEDAILLE\" alt=\"MEDAILLE\" loading=\"lazy\" \/>\t\t\t\t\t\t\t\t\t\t\t\t\t\t\t<\/div>\n\t\t\t\t<\/div>\n\t\t\t\t\t<\/div>\n\t\t\t\t<\/div>\n\t\t\t\t<\/div>\n\t\t","protected":false},"excerpt":{"rendered":"<p>PORT DE L&rsquo;APPAREIL RESPIRATOIRE ISOLANT (ARI) \/ ESPACE CONFINE Entrainement au port de l&rsquo;Appareil Respiratoire Isolant (ARI) : L&rsquo;ARI, Un \u00e9quipement vital Les appareils respiratoires isolants (ARI) sont des \u00e9quipements de protection. Ils ont pour but de\u00a0cr\u00e9er et de maintenir une atmosph\u00e8re respirable, isol\u00e9e de l&rsquo;air ext\u00e9rieur infect\u00e9\u00a0(fum\u00e9es d&rsquo;incendie, atmosph\u00e8re toxique, etc.) ARI INITIALE &#8211;&hellip;&nbsp;<a href=\"https:\/\/ecoprev.fr\/index.php\/appareil-respiratoire-isolant-ari-masque-espace-confine-confine-travail-en-espace-confine-catec\/\" rel=\"bookmark\">Lire la suite &raquo;<span class=\"screen-reader-text\">APPAREIL RESPIRATOIRE ISOLANT (ARI) \/ ESPACE CONFINE<\/span><\/a><\/p>\n","protected":false},"author":1,"featured_media":0,"parent":0,"menu_order":0,"comment_status":"closed","ping_status":"closed","template":"page-templates\/template-pagebuilder-full-width.php","meta":{"neve_meta_sidebar":"","neve_meta_container":"","neve_meta_enable_content_width":"","neve_meta_content_width":0,"neve_meta_title_alignment":"","neve_meta_author_avatar":"","neve_post_elements_order":"","neve_meta_disable_header":"","neve_meta_disable_footer":"","neve_meta_disable_title":"","_themeisle_gutenberg_block_has_review":false,"footnotes":""},"class_list":["post-366","page","type-page","status-publish","hentry"],"aioseo_notices":[],"_links":{"self":[{"href":"https:\/\/ecoprev.fr\/index.php\/wp-json\/wp\/v2\/pages\/366","targetHints":{"allow":["GET"]}}],"collection":[{"href":"https:\/\/ecoprev.fr\/index.php\/wp-json\/wp\/v2\/pages"}],"about":[{"href":"https:\/\/ecoprev.fr\/index.php\/wp-json\/wp\/v2\/types\/page"}],"author":[{"embeddable":true,"href":"https:\/\/ecoprev.fr\/index.php\/wp-json\/wp\/v2\/users\/1"}],"replies":[{"embeddable":true,"href":"https:\/\/ecoprev.fr\/index.php\/wp-json\/wp\/v2\/comments?post=366"}],"version-history":[{"count":78,"href":"https:\/\/ecoprev.fr\/index.php\/wp-json\/wp\/v2\/pages\/366\/revisions"}],"predecessor-version":[{"id":1762,"href":"https:\/\/ecoprev.fr\/index.php\/wp-json\/wp\/v2\/pages\/366\/revisions\/1762"}],"wp:attachment":[{"href":"https:\/\/ecoprev.fr\/index.php\/wp-json\/wp\/v2\/media?parent=366"}],"curies":[{"name":"wp","href":"https:\/\/api.w.org\/{rel}","templated":true}]}}