{"id":1237,"date":"2025-05-05T14:05:09","date_gmt":"2025-05-05T12:05:09","guid":{"rendered":"https:\/\/ecoprev.fr\/?page_id=1237"},"modified":"2025-08-04T17:59:02","modified_gmt":"2025-08-04T15:59:02","slug":"pontier-elingueur-chef-manoeuvre-elinguage-pont-roulant","status":"publish","type":"page","link":"https:\/\/ecoprev.fr\/index.php\/pontier-elingueur-chef-manoeuvre-elinguage-pont-roulant\/","title":{"rendered":"PONTIER \/ ELINGUEUR"},"content":{"rendered":"\t\t<div data-elementor-type=\"wp-page\" data-elementor-id=\"1237\" class=\"elementor elementor-1237\">\n\t\t\t\t\t\t<section class=\"elementor-section elementor-top-section elementor-element elementor-element-3caf249d elementor-section-height-min-height elementor-section-boxed elementor-section-height-default elementor-section-items-middle\" data-id=\"3caf249d\" data-element_type=\"section\" data-settings=\"{&quot;background_background&quot;:&quot;classic&quot;}\">\n\t\t\t\t\t\t\t<div class=\"elementor-background-overlay\"><\/div>\n\t\t\t\t\t\t\t<div class=\"elementor-container elementor-column-gap-extended\">\n\t\t\t\t\t<div class=\"elementor-column elementor-col-100 elementor-top-column elementor-element elementor-element-2ba99ce9\" data-id=\"2ba99ce9\" data-element_type=\"column\">\n\t\t\t<div class=\"elementor-widget-wrap elementor-element-populated\">\n\t\t\t\t\t\t<div class=\"elementor-element elementor-element-7c7643ba elementor-widget elementor-widget-heading\" data-id=\"7c7643ba\" data-element_type=\"widget\" data-widget_type=\"heading.default\">\n\t\t\t\t<div class=\"elementor-widget-container\">\n\t\t\t\t\t<h1 class=\"elementor-heading-title elementor-size-default\">PONT ROULANT \/ ELINGUEUR \/ CHEF DE MANOEUVRE<\/h1>\t\t\t\t<\/div>\n\t\t\t\t<\/div>\n\t\t\t\t\t<\/div>\n\t\t<\/div>\n\t\t\t\t\t<\/div>\n\t\t<\/section>\n\t\t\t\t<section class=\"elementor-section elementor-top-section elementor-element elementor-element-3666f6b9 elementor-section-content-middle elementor-section-boxed elementor-section-height-default elementor-section-height-default\" data-id=\"3666f6b9\" data-element_type=\"section\" data-settings=\"{&quot;background_background&quot;:&quot;classic&quot;}\">\n\t\t\t\t\t\t<div class=\"elementor-container elementor-column-gap-default\">\n\t\t\t\t\t<div class=\"elementor-column elementor-col-50 elementor-top-column elementor-element elementor-element-40367d11\" data-id=\"40367d11\" data-element_type=\"column\">\n\t\t\t<div class=\"elementor-widget-wrap elementor-element-populated\">\n\t\t\t\t\t\t<div class=\"elementor-element elementor-element-3eb1da8b elementor-widget elementor-widget-image\" data-id=\"3eb1da8b\" data-element_type=\"widget\" data-widget_type=\"image.default\">\n\t\t\t\t<div class=\"elementor-widget-container\">\n\t\t\t\t\t\t\t\t\t\t\t\t\t\t\t<img fetchpriority=\"high\" decoding=\"async\" width=\"507\" height=\"257\" src=\"https:\/\/ecoprev.fr\/wp-content\/uploads\/2025\/05\/pont-roulant.jpg\" class=\"attachment-full size-full wp-image-1240\" alt=\"\" srcset=\"https:\/\/ecoprev.fr\/wp-content\/uploads\/2025\/05\/pont-roulant.jpg 507w, https:\/\/ecoprev.fr\/wp-content\/uploads\/2025\/05\/pont-roulant-300x152.jpg 300w\" sizes=\"(max-width: 507px) 100vw, 507px\" \/>\t\t\t\t\t\t\t\t\t\t\t\t\t\t\t<\/div>\n\t\t\t\t<\/div>\n\t\t\t\t\t<\/div>\n\t\t<\/div>\n\t\t\t\t<div class=\"elementor-column elementor-col-50 elementor-top-column elementor-element elementor-element-1fa1a162\" data-id=\"1fa1a162\" data-element_type=\"column\">\n\t\t\t<div class=\"elementor-widget-wrap elementor-element-populated\">\n\t\t\t\t\t\t<div class=\"elementor-element elementor-element-c286f8e elementor-widget elementor-widget-heading\" data-id=\"c286f8e\" data-element_type=\"widget\" data-widget_type=\"heading.default\">\n\t\t\t\t<div class=\"elementor-widget-container\">\n\t\t\t\t\t<h2 class=\"elementor-heading-title elementor-size-default\">La conduite en s\u00e9curit\u00e9 de pont roulant<\/h2>\t\t\t\t<\/div>\n\t\t\t\t<\/div>\n\t\t\t\t<div class=\"elementor-element elementor-element-713b9d83 elementor-widget elementor-widget-text-editor\" data-id=\"713b9d83\" data-element_type=\"widget\" data-widget_type=\"text-editor.default\">\n\t\t\t\t<div class=\"elementor-widget-container\">\n\t\t\t\t\t\t\t\t\t<p>Qu&rsquo;ils soient \u00e0 t\u00e9l\u00e9commande ou bien en cabine, les pont roulant sont des \u00e9quipements qui ne peuvent \u00eatre conduits que par des personnes autoris\u00e9es par leur employeur au travers de l&rsquo;autorisation de conduite. Cette autorisation de conduite ne peut \u00eatre elle-m\u00eame d\u00e9livr\u00e9e que sur justification d&rsquo;une formation pr\u00e9alable \u00e0 la conduite en s\u00e9curit\u00e9 de ces \u00e9quipements.\u00a0<\/p>\t\t\t\t\t\t\t\t<\/div>\n\t\t\t\t<\/div>\n\t\t\t\t\t<\/div>\n\t\t<\/div>\n\t\t\t\t\t<\/div>\n\t\t<\/section>\n\t\t<div class=\"elementor-element elementor-element-432aa71 e-flex e-con-boxed e-con e-parent\" data-id=\"432aa71\" data-element_type=\"container\">\n\t\t\t\t\t<div class=\"e-con-inner\">\n\t\t<div class=\"elementor-element elementor-element-68ae310 e-con-full e-flex e-con e-child\" data-id=\"68ae310\" data-element_type=\"container\">\n\t\t\t\t<div class=\"elementor-element elementor-element-ae8c78e elementor-button-warning elementor-align-center elementor-widget elementor-widget-button\" data-id=\"ae8c78e\" data-element_type=\"widget\" data-widget_type=\"button.default\">\n\t\t\t\t<div class=\"elementor-widget-container\">\n\t\t\t\t\t\t\t\t\t<div class=\"elementor-button-wrapper\">\n\t\t\t\t\t<a class=\"elementor-button elementor-button-link elementor-size-xl\" href=\"https:\/\/ecoprev.fr\/wp-content\/uploads\/2025\/05\/FP-CD-SECU-PONT-Roulant-DEBUTANT.pdf\">\n\t\t\t\t\t\t<span class=\"elementor-button-content-wrapper\">\n\t\t\t\t\t\t\t\t\t<span class=\"elementor-button-text\">CONDUITE DE PONT ROULANT - PROGRAMME PDF<\/span>\n\t\t\t\t\t<\/span>\n\t\t\t\t\t<\/a>\n\t\t\t\t<\/div>\n\t\t\t\t\t\t\t\t<\/div>\n\t\t\t\t<\/div>\n\t\t\t\t<\/div>\n\t\t<div class=\"elementor-element elementor-element-111d347 e-con-full e-flex e-con e-child\" data-id=\"111d347\" data-element_type=\"container\">\n\t\t\t\t<div class=\"elementor-element elementor-element-74c259e elementor-align-center elementor-widget elementor-widget-button\" data-id=\"74c259e\" data-element_type=\"widget\" data-widget_type=\"button.default\">\n\t\t\t\t<div class=\"elementor-widget-container\">\n\t\t\t\t\t\t\t\t\t<div class=\"elementor-button-wrapper\">\n\t\t\t\t\t<a class=\"elementor-button elementor-button-link elementor-size-xl\" href=\"https:\/\/ecoprev.fr\/index.php\/contact\/\">\n\t\t\t\t\t\t<span class=\"elementor-button-content-wrapper\">\n\t\t\t\t\t\t\t\t\t<span class=\"elementor-button-text\">TARIF : Nous consulter<\/span>\n\t\t\t\t\t<\/span>\n\t\t\t\t\t<\/a>\n\t\t\t\t<\/div>\n\t\t\t\t\t\t\t\t<\/div>\n\t\t\t\t<\/div>\n\t\t\t\t<\/div>\n\t\t\t\t\t<\/div>\n\t\t\t\t<\/div>\n\t\t\t\t<section class=\"elementor-section elementor-top-section elementor-element elementor-element-4672ecb0 elementor-section-content-middle elementor-section-boxed elementor-section-height-default elementor-section-height-default\" data-id=\"4672ecb0\" data-element_type=\"section\" data-settings=\"{&quot;background_background&quot;:&quot;classic&quot;}\">\n\t\t\t\t\t\t<div class=\"elementor-container elementor-column-gap-default\">\n\t\t\t\t\t<div class=\"elementor-column elementor-col-50 elementor-top-column elementor-element elementor-element-426381d5\" data-id=\"426381d5\" data-element_type=\"column\">\n\t\t\t<div class=\"elementor-widget-wrap elementor-element-populated\">\n\t\t\t\t\t\t<div class=\"elementor-element elementor-element-7f0b6653 elementor-widget elementor-widget-heading\" data-id=\"7f0b6653\" data-element_type=\"widget\" data-widget_type=\"heading.default\">\n\t\t\t\t<div class=\"elementor-widget-container\">\n\t\t\t\t\t<h2 class=\"elementor-heading-title elementor-size-default\">Elinguage en s\u00e9curit\u00e9<\/h2>\t\t\t\t<\/div>\n\t\t\t\t<\/div>\n\t\t\t\t<div class=\"elementor-element elementor-element-c7f3304 elementor-widget elementor-widget-text-editor\" data-id=\"c7f3304\" data-element_type=\"widget\" data-widget_type=\"text-editor.default\">\n\t\t\t\t<div class=\"elementor-widget-container\">\n\t\t\t\t\t\t\t\t\t<p>L&rsquo;article R, 4323-55 impose que la conduite des \u00e9quipements de travail servant au levage soit r\u00e9serv\u00e9 aux travailleurs qui ont re\u00e7u une formation ad\u00e9quate<\/p>\t\t\t\t\t\t\t\t<\/div>\n\t\t\t\t<\/div>\n\t\t\t\t\t<\/div>\n\t\t<\/div>\n\t\t\t\t<div class=\"elementor-column elementor-col-50 elementor-top-column elementor-element elementor-element-5445bbd6\" data-id=\"5445bbd6\" data-element_type=\"column\">\n\t\t\t<div class=\"elementor-widget-wrap elementor-element-populated\">\n\t\t\t\t\t\t<div class=\"elementor-element elementor-element-6cc2b9cf elementor-widget elementor-widget-image\" data-id=\"6cc2b9cf\" data-element_type=\"widget\" data-widget_type=\"image.default\">\n\t\t\t\t<div class=\"elementor-widget-container\">\n\t\t\t\t\t\t\t\t\t\t\t\t\t\t\t<img decoding=\"async\" width=\"261\" height=\"400\" src=\"https:\/\/ecoprev.fr\/wp-content\/uploads\/2025\/05\/elingueur.jpg\" class=\"attachment-full size-full wp-image-1239\" alt=\"\" srcset=\"https:\/\/ecoprev.fr\/wp-content\/uploads\/2025\/05\/elingueur.jpg 261w, https:\/\/ecoprev.fr\/wp-content\/uploads\/2025\/05\/elingueur-196x300.jpg 196w\" sizes=\"(max-width: 261px) 100vw, 261px\" \/>\t\t\t\t\t\t\t\t\t\t\t\t\t\t\t<\/div>\n\t\t\t\t<\/div>\n\t\t\t\t\t<\/div>\n\t\t<\/div>\n\t\t\t\t\t<\/div>\n\t\t<\/section>\n\t\t<div class=\"elementor-element elementor-element-3353d91 e-flex e-con-boxed e-con e-parent\" data-id=\"3353d91\" data-element_type=\"container\">\n\t\t\t\t\t<div class=\"e-con-inner\">\n\t\t<div class=\"elementor-element elementor-element-85146fb e-con-full e-flex e-con e-child\" data-id=\"85146fb\" data-element_type=\"container\">\n\t\t\t\t<div class=\"elementor-element elementor-element-3f950d4 elementor-button-warning elementor-align-center elementor-widget elementor-widget-button\" data-id=\"3f950d4\" data-element_type=\"widget\" data-widget_type=\"button.default\">\n\t\t\t\t<div class=\"elementor-widget-container\">\n\t\t\t\t\t\t\t\t\t<div class=\"elementor-button-wrapper\">\n\t\t\t\t\t<a class=\"elementor-button elementor-button-link elementor-size-xl\" href=\"https:\/\/ecoprev.fr\/wp-content\/uploads\/2025\/07\/FP-ELINGUEUR.pdf\">\n\t\t\t\t\t\t<span class=\"elementor-button-content-wrapper\">\n\t\t\t\t\t\t\t\t\t<span class=\"elementor-button-text\">ELINGUAGE EN SECURITE - PROGRAMME PDF<\/span>\n\t\t\t\t\t<\/span>\n\t\t\t\t\t<\/a>\n\t\t\t\t<\/div>\n\t\t\t\t\t\t\t\t<\/div>\n\t\t\t\t<\/div>\n\t\t\t\t<\/div>\n\t\t<div class=\"elementor-element elementor-element-a6ae502 e-con-full e-flex e-con e-child\" data-id=\"a6ae502\" data-element_type=\"container\">\n\t\t\t\t<div class=\"elementor-element elementor-element-269791a elementor-align-center elementor-widget elementor-widget-button\" data-id=\"269791a\" data-element_type=\"widget\" data-widget_type=\"button.default\">\n\t\t\t\t<div class=\"elementor-widget-container\">\n\t\t\t\t\t\t\t\t\t<div class=\"elementor-button-wrapper\">\n\t\t\t\t\t<a class=\"elementor-button elementor-button-link elementor-size-xl\" href=\"https:\/\/ecoprev.fr\/index.php\/contact\/\">\n\t\t\t\t\t\t<span class=\"elementor-button-content-wrapper\">\n\t\t\t\t\t\t\t\t\t<span class=\"elementor-button-text\">TARIF : Nous consulter<\/span>\n\t\t\t\t\t<\/span>\n\t\t\t\t\t<\/a>\n\t\t\t\t<\/div>\n\t\t\t\t\t\t\t\t<\/div>\n\t\t\t\t<\/div>\n\t\t\t\t<\/div>\n\t\t\t\t\t<\/div>\n\t\t\t\t<\/div>\n\t\t\t\t<section class=\"elementor-section elementor-top-section elementor-element elementor-element-b73b79e elementor-section-content-middle elementor-section-boxed elementor-section-height-default elementor-section-height-default\" data-id=\"b73b79e\" data-element_type=\"section\" data-settings=\"{&quot;background_background&quot;:&quot;classic&quot;}\">\n\t\t\t\t\t\t<div class=\"elementor-container elementor-column-gap-default\">\n\t\t\t\t\t<div class=\"elementor-column elementor-col-50 elementor-top-column elementor-element elementor-element-1feaa7c\" data-id=\"1feaa7c\" data-element_type=\"column\">\n\t\t\t<div class=\"elementor-widget-wrap elementor-element-populated\">\n\t\t\t\t\t\t<div class=\"elementor-element elementor-element-e293b09 elementor-widget elementor-widget-heading\" data-id=\"e293b09\" data-element_type=\"widget\" data-widget_type=\"heading.default\">\n\t\t\t\t<div class=\"elementor-widget-container\">\n\t\t\t\t\t<h2 class=\"elementor-heading-title elementor-size-default\">Chef de manoeuvre<\/h2>\t\t\t\t<\/div>\n\t\t\t\t<\/div>\n\t\t\t\t<div class=\"elementor-element elementor-element-0ccb89e elementor-widget elementor-widget-text-editor\" data-id=\"0ccb89e\" data-element_type=\"widget\" data-widget_type=\"text-editor.default\">\n\t\t\t\t<div class=\"elementor-widget-container\">\n\t\t\t\t\t\t\t\t\t<p><span style=\"background-color: #ffffff;\">Le chef de manoeuvre est charger de donner au pontier et\/ou au grutier les ordres de manoeuvres ou gestes de commandement. Une journ\u00e9e de formation sera n\u00e9cessaire pour aborder les diff\u00e9rentes notions de s\u00e9curit\u00e9 relatives au chef de manoeuvre.<\/span><\/p><p><strong style=\"background-color: #ffffff;\">\u00a0<\/strong><\/p><p style=\"--uk-inverse: initial; margin-top: 30px; color: #666c78; font-family: Karla; font-size: 16.5px; background-color: #ffffff; text-align: justify;\"><span style=\"font-family: verdana, geneva, sans-serif;\">.<\/span><\/p>\t\t\t\t\t\t\t\t<\/div>\n\t\t\t\t<\/div>\n\t\t\t\t\t<\/div>\n\t\t<\/div>\n\t\t\t\t<div class=\"elementor-column elementor-col-50 elementor-top-column elementor-element elementor-element-368a33b\" data-id=\"368a33b\" data-element_type=\"column\">\n\t\t\t<div class=\"elementor-widget-wrap elementor-element-populated\">\n\t\t\t\t\t\t<div class=\"elementor-element elementor-element-a545233 elementor-widget elementor-widget-image\" data-id=\"a545233\" data-element_type=\"widget\" data-widget_type=\"image.default\">\n\t\t\t\t<div class=\"elementor-widget-container\">\n\t\t\t\t\t\t\t\t\t\t\t\t\t\t\t<img decoding=\"async\" width=\"535\" height=\"470\" src=\"https:\/\/ecoprev.fr\/wp-content\/uploads\/2025\/05\/chef-manoeuvre.jpg\" class=\"attachment-full size-full wp-image-1241\" alt=\"\" srcset=\"https:\/\/ecoprev.fr\/wp-content\/uploads\/2025\/05\/chef-manoeuvre.jpg 535w, https:\/\/ecoprev.fr\/wp-content\/uploads\/2025\/05\/chef-manoeuvre-300x264.jpg 300w\" sizes=\"(max-width: 535px) 100vw, 535px\" \/>\t\t\t\t\t\t\t\t\t\t\t\t\t\t\t<\/div>\n\t\t\t\t<\/div>\n\t\t\t\t\t<\/div>\n\t\t<\/div>\n\t\t\t\t\t<\/div>\n\t\t<\/section>\n\t\t<div class=\"elementor-element elementor-element-050d85f e-flex e-con-boxed e-con e-parent\" data-id=\"050d85f\" data-element_type=\"container\">\n\t\t\t\t\t<div class=\"e-con-inner\">\n\t\t<div class=\"elementor-element elementor-element-6d1d9d8 e-con-full e-flex e-con e-child\" data-id=\"6d1d9d8\" data-element_type=\"container\">\n\t\t\t\t<div class=\"elementor-element elementor-element-859b812 elementor-button-warning elementor-align-center elementor-widget elementor-widget-button\" data-id=\"859b812\" data-element_type=\"widget\" data-widget_type=\"button.default\">\n\t\t\t\t<div class=\"elementor-widget-container\">\n\t\t\t\t\t\t\t\t\t<div class=\"elementor-button-wrapper\">\n\t\t\t\t\t<a class=\"elementor-button elementor-button-link elementor-size-xl\" href=\"https:\/\/ecoprev.fr\/wp-content\/uploads\/2025\/05\/FP-CHEF-DE-MANOEUVRE-1-JOUR.pdf\">\n\t\t\t\t\t\t<span class=\"elementor-button-content-wrapper\">\n\t\t\t\t\t\t\t\t\t<span class=\"elementor-button-text\">CHEF DE MANOEUVRE - PROGRAMME PDF<\/span>\n\t\t\t\t\t<\/span>\n\t\t\t\t\t<\/a>\n\t\t\t\t<\/div>\n\t\t\t\t\t\t\t\t<\/div>\n\t\t\t\t<\/div>\n\t\t\t\t<\/div>\n\t\t<div class=\"elementor-element elementor-element-bc415fa e-con-full e-flex e-con e-child\" data-id=\"bc415fa\" data-element_type=\"container\">\n\t\t\t\t<div class=\"elementor-element elementor-element-fa0040e elementor-align-center elementor-widget elementor-widget-button\" data-id=\"fa0040e\" data-element_type=\"widget\" data-widget_type=\"button.default\">\n\t\t\t\t<div class=\"elementor-widget-container\">\n\t\t\t\t\t\t\t\t\t<div class=\"elementor-button-wrapper\">\n\t\t\t\t\t<a class=\"elementor-button elementor-button-link elementor-size-xl\" href=\"https:\/\/ecoprev.fr\/index.php\/contact\/\">\n\t\t\t\t\t\t<span class=\"elementor-button-content-wrapper\">\n\t\t\t\t\t\t\t\t\t<span class=\"elementor-button-text\">TARIF : Nous consulter<\/span>\n\t\t\t\t\t<\/span>\n\t\t\t\t\t<\/a>\n\t\t\t\t<\/div>\n\t\t\t\t\t\t\t\t<\/div>\n\t\t\t\t<\/div>\n\t\t\t\t<\/div>\n\t\t\t\t\t<\/div>\n\t\t\t\t<\/div>\n\t\t<div class=\"elementor-element elementor-element-8578c3e e-flex e-con-boxed e-con e-parent\" data-id=\"8578c3e\" data-element_type=\"container\">\n\t\t\t\t\t<div class=\"e-con-inner\">\n\t\t\t\t\t<\/div>\n\t\t\t\t<\/div>\n\t\t<div class=\"elementor-element elementor-element-4418271 e-flex e-con-boxed e-con e-parent\" data-id=\"4418271\" data-element_type=\"container\">\n\t\t\t\t\t<div class=\"e-con-inner\">\n\t\t\t\t<div class=\"elementor-element elementor-element-9a136f0 elementor-widget elementor-widget-text-editor\" data-id=\"9a136f0\" data-element_type=\"widget\" data-widget_type=\"text-editor.default\">\n\t\t\t\t<div class=\"elementor-widget-container\">\n\t\t\t\t\t\t\t\t\t<h5>Les formations li\u00e9es \u00e0 conduite de pont roulant, \u00e9lingueur ou chef de manoeuvres, diffus\u00e9es par l&rsquo;organisme de formation ECOPREV, ont donn\u00e9 lieu \u00e0 un taux de satisfaction globale des stagiaires de :<\/h5>\t\t\t\t\t\t\t\t<\/div>\n\t\t\t\t<\/div>\n\t\t\t\t\t<\/div>\n\t\t\t\t<\/div>\n\t\t<div class=\"elementor-element elementor-element-d8c61e4 e-flex e-con-boxed e-con e-parent\" data-id=\"d8c61e4\" data-element_type=\"container\">\n\t\t\t\t\t<div class=\"e-con-inner\">\n\t\t\t\t<div class=\"elementor-element elementor-element-9a3fe44 elementor-button-success elementor-align-center elementor-widget elementor-widget-button\" data-id=\"9a3fe44\" data-element_type=\"widget\" data-widget_type=\"button.default\">\n\t\t\t\t<div class=\"elementor-widget-container\">\n\t\t\t\t\t\t\t\t\t<div class=\"elementor-button-wrapper\">\n\t\t\t\t\t<a class=\"elementor-button elementor-button-link elementor-size-lg\" href=\"#\">\n\t\t\t\t\t\t<span class=\"elementor-button-content-wrapper\">\n\t\t\t\t\t\t\t\t\t<span class=\"elementor-button-text\">96%<\/span>\n\t\t\t\t\t<\/span>\n\t\t\t\t\t<\/a>\n\t\t\t\t<\/div>\n\t\t\t\t\t\t\t\t<\/div>\n\t\t\t\t<\/div>\n\t\t\t\t<div class=\"elementor-element elementor-element-e8e71b5 elementor-widget elementor-widget-image\" data-id=\"e8e71b5\" data-element_type=\"widget\" data-widget_type=\"image.default\">\n\t\t\t\t<div class=\"elementor-widget-container\">\n\t\t\t\t\t\t\t\t\t\t\t\t\t\t\t<img decoding=\"async\" src=\"https:\/\/ecoprev.fr\/wp-content\/uploads\/elementor\/thumbs\/MEDAILLE-r9rm84bopufg5bu74m7sbxz60dw6a9hbeh9l1qn0xg.jpg\" title=\"MEDAILLE\" alt=\"MEDAILLE\" loading=\"lazy\" \/>\t\t\t\t\t\t\t\t\t\t\t\t\t\t\t<\/div>\n\t\t\t\t<\/div>\n\t\t\t\t\t<\/div>\n\t\t\t\t<\/div>\n\t\t\t\t<\/div>\n\t\t","protected":false},"excerpt":{"rendered":"<p>PONT ROULANT \/ ELINGUEUR \/ CHEF DE MANOEUVRE La conduite en s\u00e9curit\u00e9 de pont roulant Qu&rsquo;ils soient \u00e0 t\u00e9l\u00e9commande ou bien en cabine, les pont roulant sont des \u00e9quipements qui ne peuvent \u00eatre conduits que par des personnes autoris\u00e9es par leur employeur au travers de l&rsquo;autorisation de conduite. Cette autorisation de conduite ne peut \u00eatre&hellip;&nbsp;<a href=\"https:\/\/ecoprev.fr\/index.php\/pontier-elingueur-chef-manoeuvre-elinguage-pont-roulant\/\" rel=\"bookmark\">Lire la suite &raquo;<span class=\"screen-reader-text\">PONTIER \/ ELINGUEUR<\/span><\/a><\/p>\n","protected":false},"author":1,"featured_media":0,"parent":0,"menu_order":0,"comment_status":"closed","ping_status":"closed","template":"page-templates\/template-pagebuilder-full-width.php","meta":{"neve_meta_sidebar":"","neve_meta_container":"","neve_meta_enable_content_width":"","neve_meta_content_width":0,"neve_meta_title_alignment":"","neve_meta_author_avatar":"","neve_post_elements_order":"","neve_meta_disable_header":"","neve_meta_disable_footer":"","neve_meta_disable_title":"","_themeisle_gutenberg_block_has_review":false,"footnotes":""},"class_list":["post-1237","page","type-page","status-publish","hentry"],"aioseo_notices":[],"_links":{"self":[{"href":"https:\/\/ecoprev.fr\/index.php\/wp-json\/wp\/v2\/pages\/1237","targetHints":{"allow":["GET"]}}],"collection":[{"href":"https:\/\/ecoprev.fr\/index.php\/wp-json\/wp\/v2\/pages"}],"about":[{"href":"https:\/\/ecoprev.fr\/index.php\/wp-json\/wp\/v2\/types\/page"}],"author":[{"embeddable":true,"href":"https:\/\/ecoprev.fr\/index.php\/wp-json\/wp\/v2\/users\/1"}],"replies":[{"embeddable":true,"href":"https:\/\/ecoprev.fr\/index.php\/wp-json\/wp\/v2\/comments?post=1237"}],"version-history":[{"count":32,"href":"https:\/\/ecoprev.fr\/index.php\/wp-json\/wp\/v2\/pages\/1237\/revisions"}],"predecessor-version":[{"id":1709,"href":"https:\/\/ecoprev.fr\/index.php\/wp-json\/wp\/v2\/pages\/1237\/revisions\/1709"}],"wp:attachment":[{"href":"https:\/\/ecoprev.fr\/index.php\/wp-json\/wp\/v2\/media?parent=1237"}],"curies":[{"name":"wp","href":"https:\/\/api.w.org\/{rel}","templated":true}]}}