{"id":1192,"date":"2025-05-04T13:45:32","date_gmt":"2025-05-04T11:45:32","guid":{"rendered":"https:\/\/ecoprev.fr\/?page_id=1192"},"modified":"2025-08-04T17:45:23","modified_gmt":"2025-08-04T15:45:23","slug":"assistant-de-assistants-prevention-risques-professionnels","status":"publish","type":"page","link":"https:\/\/ecoprev.fr\/index.php\/assistant-de-assistants-prevention-risques-professionnels\/","title":{"rendered":"ASSISTANTS DE PREVENTION"},"content":{"rendered":"\t\t<div data-elementor-type=\"wp-page\" data-elementor-id=\"1192\" class=\"elementor elementor-1192\">\n\t\t\t\t\t\t<section class=\"elementor-section elementor-top-section elementor-element elementor-element-3fbd75f4 elementor-section-height-min-height elementor-section-boxed elementor-section-height-default elementor-section-items-middle\" data-id=\"3fbd75f4\" data-element_type=\"section\" data-settings=\"{&quot;background_background&quot;:&quot;classic&quot;}\">\n\t\t\t\t\t\t\t<div class=\"elementor-background-overlay\"><\/div>\n\t\t\t\t\t\t\t<div class=\"elementor-container elementor-column-gap-extended\">\n\t\t\t\t\t<div class=\"elementor-column elementor-col-100 elementor-top-column elementor-element elementor-element-475cc50d\" data-id=\"475cc50d\" data-element_type=\"column\">\n\t\t\t<div class=\"elementor-widget-wrap elementor-element-populated\">\n\t\t\t\t\t\t<div class=\"elementor-element elementor-element-44c0b794 elementor-widget elementor-widget-heading\" data-id=\"44c0b794\" data-element_type=\"widget\" data-widget_type=\"heading.default\">\n\t\t\t\t<div class=\"elementor-widget-container\">\n\t\t\t\t\t<h1 class=\"elementor-heading-title elementor-size-default\">PREVENTION DES RISQUES PROFESSIONNELS (pour assistants de pr\u00e9vention : fonction publique)<\/h1>\t\t\t\t<\/div>\n\t\t\t\t<\/div>\n\t\t\t\t\t<\/div>\n\t\t<\/div>\n\t\t\t\t\t<\/div>\n\t\t<\/section>\n\t\t\t\t<section class=\"elementor-section elementor-top-section elementor-element elementor-element-395c863e elementor-section-content-middle elementor-section-boxed elementor-section-height-default elementor-section-height-default\" data-id=\"395c863e\" data-element_type=\"section\" data-settings=\"{&quot;background_background&quot;:&quot;classic&quot;}\">\n\t\t\t\t\t\t<div class=\"elementor-container elementor-column-gap-default\">\n\t\t\t\t\t<div class=\"elementor-column elementor-col-50 elementor-top-column elementor-element elementor-element-320abe87\" data-id=\"320abe87\" data-element_type=\"column\">\n\t\t\t<div class=\"elementor-widget-wrap elementor-element-populated\">\n\t\t\t\t\t\t<div class=\"elementor-element elementor-element-4fcd852c elementor-widget elementor-widget-image\" data-id=\"4fcd852c\" data-element_type=\"widget\" data-widget_type=\"image.default\">\n\t\t\t\t<div class=\"elementor-widget-container\">\n\t\t\t\t\t\t\t\t\t\t\t\t\t\t\t<img fetchpriority=\"high\" decoding=\"async\" width=\"597\" height=\"804\" src=\"https:\/\/ecoprev.fr\/wp-content\/uploads\/2025\/05\/Prevention-des-risques-professionnels.jpg\" class=\"attachment-full size-full wp-image-1194\" alt=\"\" srcset=\"https:\/\/ecoprev.fr\/wp-content\/uploads\/2025\/05\/Prevention-des-risques-professionnels.jpg 597w, https:\/\/ecoprev.fr\/wp-content\/uploads\/2025\/05\/Prevention-des-risques-professionnels-223x300.jpg 223w\" sizes=\"(max-width: 597px) 100vw, 597px\" \/>\t\t\t\t\t\t\t\t\t\t\t\t\t\t\t<\/div>\n\t\t\t\t<\/div>\n\t\t\t\t\t<\/div>\n\t\t<\/div>\n\t\t\t\t<div class=\"elementor-column elementor-col-50 elementor-top-column elementor-element elementor-element-6045f4da\" data-id=\"6045f4da\" data-element_type=\"column\">\n\t\t\t<div class=\"elementor-widget-wrap elementor-element-populated\">\n\t\t\t\t\t\t<div class=\"elementor-element elementor-element-4e149f2b elementor-widget elementor-widget-heading\" data-id=\"4e149f2b\" data-element_type=\"widget\" data-widget_type=\"heading.default\">\n\t\t\t\t<div class=\"elementor-widget-container\">\n\t\t\t\t\t<h2 class=\"elementor-heading-title elementor-size-default\"><u>L'assistant de pr\u00e9vention<\/u><\/h2>\t\t\t\t<\/div>\n\t\t\t\t<\/div>\n\t\t\t\t<div class=\"elementor-element elementor-element-b99b54b elementor-widget elementor-widget-text-editor\" data-id=\"b99b54b\" data-element_type=\"widget\" data-widget_type=\"text-editor.default\">\n\t\t\t\t<div class=\"elementor-widget-container\">\n\t\t\t\t\t\t\t\t\t<p><span style=\"font-family: Arial, sans-serif; background-color: #f8f8f8; color: #000000; font-size: small; text-align: justify;\">Toutes les collectivit\u00e9s et \u00e9tablissements publics <\/span><strong style=\"font-family: Arial, sans-serif; background-color: #f8f8f8; color: #000000; font-size: small; text-align: justify; font-weight: bold; line-height: inherit;\">ont<\/strong><span style=\"font-family: Arial, sans-serif; background-color: #f8f8f8; color: #000000; font-size: small; text-align: justify;\">\u00a0<\/span><strong style=\"font-family: Arial, sans-serif; background-color: #f8f8f8; color: #000000; font-size: small; text-align: justify; font-weight: bold; line-height: inherit;\">l\u2019obligation de nommer au moins un assistant de pr\u00e9vention,<\/strong><span style=\"font-family: Arial, sans-serif; background-color: #f8f8f8; color: #000000; font-size: small; text-align: justify;\">\u00a0quels que soient leur activit\u00e9\u00a0<\/span><strong style=\"font-family: Arial, sans-serif; background-color: #f8f8f8; color: #000000; font-size: small; text-align: justify; font-weight: bold; line-height: inherit;\">et leur effectif<\/strong><span style=\"font-family: Arial, sans-serif; background-color: #f8f8f8; color: #000000; font-size: small; text-align: justify;\">.<\/span><\/p><p style=\"margin-top: 0.75em; margin-bottom: 0.75em; direction: ltr; color: #000000; font-family: Arial; font-size: small; background-color: #f8f8f8; text-align: justify;\"><span style=\"font-family: Arial, sans-serif;\">L\u2019assistant de pr\u00e9vention\u00a0<strong style=\"font-weight: bold; line-height: inherit;\">conseille et assiste l\u2019autorit\u00e9 territoriale<\/strong>, sous la responsabilit\u00e9 aupr\u00e8s de laquelle il est plac\u00e9, dans la mise en \u0153uvre des r\u00e8gles d\u2019hygi\u00e8ne et de s\u00e9curit\u00e9 au travail, d\u2019une politique de pr\u00e9vention des risques professionnels pour :<\/span><\/p><ul style=\"margin-top: 0.75em; margin-bottom: 0.75em; margin-left: 1em; padding-left: 0px; direction: ltr; color: #000000; font-family: Arial; font-size: small; background-color: #f8f8f8;\"><li style=\"list-style: unset; direction: ltr; text-align: justify;\"><span style=\"font-family: Arial, sans-serif;\">Pr\u00e9venir les risques susceptibles de compromettre la s\u00e9curit\u00e9 ou la sant\u00e9 des agents,<\/span><\/li><li style=\"list-style: unset; direction: ltr; text-align: justify;\"><span style=\"font-family: Arial, sans-serif;\">Faire progresser la connaissance des probl\u00e8mes de s\u00e9curit\u00e9 et des techniques propres \u00e0 les r\u00e9soudre,<\/span><\/li><li style=\"list-style: unset; direction: ltr; text-align: justify;\"><span style=\"font-family: Arial, sans-serif;\">Veiller \u00e0 l\u2019observation des prescriptions l\u00e9gislatives et r\u00e9glementaires prises en ces mati\u00e8res et \u00e0 la bonne tenue du registre de sant\u00e9 et de s\u00e9curit\u00e9 au travail dans tous les services,<\/span><\/li><li style=\"list-style: unset; direction: ltr; text-align: justify;\"><span style=\"font-family: Arial, sans-serif;\">Proposer des mesures pratiques pour am\u00e9liorer la pr\u00e9vention des risques,<\/span><\/li><li style=\"list-style: unset; direction: ltr; text-align: justify;\"><span style=\"font-family: Arial, sans-serif;\">Participer, en collaboration avec les autres acteurs, \u00e0 la sensibilisation, l\u2019information et la formation des agents\u2026<\/span><\/li><\/ul><div style=\"text-align: justify;\"><span style=\"color: #000000; font-family: Arial, sans-serif; font-size: small;\">ECOPREV organise la :<\/span><\/div><ul style=\"margin-top: 0.75em; margin-bottom: 0.75em; margin-left: 1em; padding-left: 0px; direction: ltr; color: #000000; font-family: Arial; font-size: small; background-color: #f8f8f8;\"><li style=\"list-style: unset; direction: ltr; text-align: justify;\"><span style=\"font-family: Arial, sans-serif;\">Formation pr\u00e9alable obligatoire \u00e0 la prise de fonction\u00a0: 3 jours + 2 jours au minimum<\/span><\/li><li style=\"list-style: unset; direction: ltr; margin-bottom: 0cm; text-align: justify;\"><span style=\"font-family: Arial, sans-serif;\">Formation continue obligatoire l\u2019ann\u00e9e suivant la prise de fonction\u00a0: 2 jours au minimum<\/span><\/li><li style=\"list-style: unset; direction: ltr; margin-bottom: 0cm; text-align: justify;\"><span style=\"font-family: Arial, sans-serif;\">Formation obligatoire les ann\u00e9es suivantes\u00a0: 1 jour au minimum<\/span><\/li><\/ul>\t\t\t\t\t\t\t\t<\/div>\n\t\t\t\t<\/div>\n\t\t\t\t\t<\/div>\n\t\t<\/div>\n\t\t\t\t\t<\/div>\n\t\t<\/section>\n\t\t<div class=\"elementor-element elementor-element-e523dd5 e-flex e-con-boxed e-con e-parent\" data-id=\"e523dd5\" data-element_type=\"container\">\n\t\t\t\t\t<div class=\"e-con-inner\">\n\t\t<div class=\"elementor-element elementor-element-5d04a9b e-con-full e-flex e-con e-child\" data-id=\"5d04a9b\" data-element_type=\"container\">\n\t\t\t\t<div class=\"elementor-element elementor-element-5dd8868 elementor-button-warning elementor-align-center elementor-widget elementor-widget-button\" data-id=\"5dd8868\" data-element_type=\"widget\" data-widget_type=\"button.default\">\n\t\t\t\t<div class=\"elementor-widget-container\">\n\t\t\t\t\t\t\t\t\t<div class=\"elementor-button-wrapper\">\n\t\t\t\t\t<a class=\"elementor-button elementor-button-link elementor-size-xl\" href=\"https:\/\/ecoprev.fr\/wp-content\/uploads\/2025\/05\/FP-ASSISTANT-DE-PREVENTION-INITIALE.pdf\">\n\t\t\t\t\t\t<span class=\"elementor-button-content-wrapper\">\n\t\t\t\t\t\t\t\t\t<span class=\"elementor-button-text\">PREVENTION DES RISQUES PROFESSIONNELS A DESTINATION DES ASSISTANTS DE PREVENTION DES COLLECTIVITES - PROGRAMME PDF<\/span>\n\t\t\t\t\t<\/span>\n\t\t\t\t\t<\/a>\n\t\t\t\t<\/div>\n\t\t\t\t\t\t\t\t<\/div>\n\t\t\t\t<\/div>\n\t\t\t\t<\/div>\n\t\t<div class=\"elementor-element elementor-element-cbcc70e e-con-full e-flex e-con e-child\" data-id=\"cbcc70e\" data-element_type=\"container\">\n\t\t<div class=\"elementor-element elementor-element-ed889f9 e-con-full e-flex e-con e-child\" data-id=\"ed889f9\" data-element_type=\"container\">\n\t\t\t\t<div class=\"elementor-element elementor-element-3b2dc15 elementor-align-center elementor-widget elementor-widget-button\" data-id=\"3b2dc15\" data-element_type=\"widget\" data-widget_type=\"button.default\">\n\t\t\t\t<div class=\"elementor-widget-container\">\n\t\t\t\t\t\t\t\t\t<div class=\"elementor-button-wrapper\">\n\t\t\t\t\t<a class=\"elementor-button elementor-button-link elementor-size-xl\" href=\"https:\/\/ecoprev.fr\/index.php\/contact\/\">\n\t\t\t\t\t\t<span class=\"elementor-button-content-wrapper\">\n\t\t\t\t\t\t\t\t\t<span class=\"elementor-button-text\">TARIF : Nous consulter<\/span>\n\t\t\t\t\t<\/span>\n\t\t\t\t\t<\/a>\n\t\t\t\t<\/div>\n\t\t\t\t\t\t\t\t<\/div>\n\t\t\t\t<\/div>\n\t\t\t\t<\/div>\n\t\t\t\t<\/div>\n\t\t\t\t\t<\/div>\n\t\t\t\t<\/div>\n\t\t<div class=\"elementor-element elementor-element-e957326 e-flex e-con-boxed e-con e-parent\" data-id=\"e957326\" data-element_type=\"container\">\n\t\t\t\t\t<div class=\"e-con-inner\">\n\t\t<div class=\"elementor-element elementor-element-59e06cb e-con-full e-flex e-con e-child\" data-id=\"59e06cb\" data-element_type=\"container\">\n\t\t<div class=\"elementor-element elementor-element-6ca8dfb e-con-full e-flex e-con e-child\" data-id=\"6ca8dfb\" data-element_type=\"container\">\n\t\t<div class=\"elementor-element elementor-element-563a2ac e-con-full e-flex e-con e-child\" data-id=\"563a2ac\" data-element_type=\"container\">\n\t\t<div class=\"elementor-element elementor-element-fd2f678 e-con-full e-flex e-con e-child\" data-id=\"fd2f678\" data-element_type=\"container\">\n\t\t\t\t<div class=\"elementor-element elementor-element-495087c elementor-widget elementor-widget-text-editor\" data-id=\"495087c\" data-element_type=\"widget\" data-widget_type=\"text-editor.default\">\n\t\t\t\t<div class=\"elementor-widget-container\">\n\t\t\t\t\t\t\t\t\t<h5>Les formations \u00e0 la pr\u00e9vention des risques \u00e0 destination des assistants de pr\u00e9vention des collectivit\u00e9s, diffus\u00e9es par l&rsquo;organisme de formation ECOPREV, ont donn\u00e9 lieu \u00e0 un taux de satisfaction globale des stagiaires de :<\/h5>\t\t\t\t\t\t\t\t<\/div>\n\t\t\t\t<\/div>\n\t\t\t\t<div class=\"elementor-element elementor-element-7edfe39 elementor-button-success elementor-align-center elementor-widget elementor-widget-button\" data-id=\"7edfe39\" data-element_type=\"widget\" data-widget_type=\"button.default\">\n\t\t\t\t<div class=\"elementor-widget-container\">\n\t\t\t\t\t\t\t\t\t<div class=\"elementor-button-wrapper\">\n\t\t\t\t\t<a class=\"elementor-button elementor-button-link elementor-size-lg\" href=\"#\">\n\t\t\t\t\t\t<span class=\"elementor-button-content-wrapper\">\n\t\t\t\t\t\t\t\t\t<span class=\"elementor-button-text\">95%<\/span>\n\t\t\t\t\t<\/span>\n\t\t\t\t\t<\/a>\n\t\t\t\t<\/div>\n\t\t\t\t\t\t\t\t<\/div>\n\t\t\t\t<\/div>\n\t\t\t\t<div class=\"elementor-element elementor-element-91a49fa elementor-widget elementor-widget-image\" data-id=\"91a49fa\" data-element_type=\"widget\" data-widget_type=\"image.default\">\n\t\t\t\t<div class=\"elementor-widget-container\">\n\t\t\t\t\t\t\t\t\t\t\t\t\t\t\t<img decoding=\"async\" src=\"https:\/\/ecoprev.fr\/wp-content\/uploads\/elementor\/thumbs\/MEDAILLE-r9rm84bopufg5bu74m7sbxz60dw6a9hbeh9l1qn0xg.jpg\" title=\"MEDAILLE\" alt=\"MEDAILLE\" loading=\"lazy\" \/>\t\t\t\t\t\t\t\t\t\t\t\t\t\t\t<\/div>\n\t\t\t\t<\/div>\n\t\t\t\t<\/div>\n\t\t\t\t<\/div>\n\t\t\t\t<\/div>\n\t\t\t\t<\/div>\n\t\t\t\t\t<\/div>\n\t\t\t\t<\/div>\n\t\t\t\t<\/div>\n\t\t","protected":false},"excerpt":{"rendered":"<p>PREVENTION DES RISQUES PROFESSIONNELS (pour assistants de pr\u00e9vention : fonction publique) L&rsquo;assistant de pr\u00e9vention Toutes les collectivit\u00e9s et \u00e9tablissements publics ont\u00a0l\u2019obligation de nommer au moins un assistant de pr\u00e9vention,\u00a0quels que soient leur activit\u00e9\u00a0et leur effectif. L\u2019assistant de pr\u00e9vention\u00a0conseille et assiste l\u2019autorit\u00e9 territoriale, sous la responsabilit\u00e9 aupr\u00e8s de laquelle il est plac\u00e9, dans la mise en&hellip;&nbsp;<a href=\"https:\/\/ecoprev.fr\/index.php\/assistant-de-assistants-prevention-risques-professionnels\/\" rel=\"bookmark\">Lire la suite &raquo;<span class=\"screen-reader-text\">ASSISTANTS DE PREVENTION<\/span><\/a><\/p>\n","protected":false},"author":1,"featured_media":0,"parent":0,"menu_order":0,"comment_status":"closed","ping_status":"closed","template":"page-templates\/template-pagebuilder-full-width.php","meta":{"neve_meta_sidebar":"","neve_meta_container":"","neve_meta_enable_content_width":"","neve_meta_content_width":0,"neve_meta_title_alignment":"","neve_meta_author_avatar":"","neve_post_elements_order":"","neve_meta_disable_header":"","neve_meta_disable_footer":"","neve_meta_disable_title":"","_themeisle_gutenberg_block_has_review":false,"footnotes":""},"class_list":["post-1192","page","type-page","status-publish","hentry"],"aioseo_notices":[],"_links":{"self":[{"href":"https:\/\/ecoprev.fr\/index.php\/wp-json\/wp\/v2\/pages\/1192","targetHints":{"allow":["GET"]}}],"collection":[{"href":"https:\/\/ecoprev.fr\/index.php\/wp-json\/wp\/v2\/pages"}],"about":[{"href":"https:\/\/ecoprev.fr\/index.php\/wp-json\/wp\/v2\/types\/page"}],"author":[{"embeddable":true,"href":"https:\/\/ecoprev.fr\/index.php\/wp-json\/wp\/v2\/users\/1"}],"replies":[{"embeddable":true,"href":"https:\/\/ecoprev.fr\/index.php\/wp-json\/wp\/v2\/comments?post=1192"}],"version-history":[{"count":20,"href":"https:\/\/ecoprev.fr\/index.php\/wp-json\/wp\/v2\/pages\/1192\/revisions"}],"predecessor-version":[{"id":1687,"href":"https:\/\/ecoprev.fr\/index.php\/wp-json\/wp\/v2\/pages\/1192\/revisions\/1687"}],"wp:attachment":[{"href":"https:\/\/ecoprev.fr\/index.php\/wp-json\/wp\/v2\/media?parent=1192"}],"curies":[{"name":"wp","href":"https:\/\/api.w.org\/{rel}","templated":true}]}}