{"id":1176,"date":"2025-05-03T15:32:02","date_gmt":"2025-05-03T13:32:02","guid":{"rendered":"https:\/\/ecoprev.fr\/?page_id=1176"},"modified":"2025-08-04T18:00:24","modified_gmt":"2025-08-04T16:00:24","slug":"risques-incendie-extincteurs","status":"publish","type":"page","link":"https:\/\/ecoprev.fr\/index.php\/risques-incendie-extincteurs\/","title":{"rendered":"RISQUES INCENDIE"},"content":{"rendered":"\t\t<div data-elementor-type=\"wp-page\" data-elementor-id=\"1176\" class=\"elementor elementor-1176\">\n\t\t\t\t\t\t<section class=\"elementor-section elementor-top-section elementor-element elementor-element-6e6010d5 elementor-section-height-min-height elementor-section-boxed elementor-section-height-default elementor-section-items-middle\" data-id=\"6e6010d5\" data-element_type=\"section\" data-settings=\"{&quot;background_background&quot;:&quot;classic&quot;}\">\n\t\t\t\t\t\t\t<div class=\"elementor-background-overlay\"><\/div>\n\t\t\t\t\t\t\t<div class=\"elementor-container elementor-column-gap-extended\">\n\t\t\t\t\t<div class=\"elementor-column elementor-col-100 elementor-top-column elementor-element elementor-element-29bc85f1\" data-id=\"29bc85f1\" data-element_type=\"column\">\n\t\t\t<div class=\"elementor-widget-wrap elementor-element-populated\">\n\t\t\t\t\t\t<div class=\"elementor-element elementor-element-264cd7ab elementor-widget elementor-widget-heading\" data-id=\"264cd7ab\" data-element_type=\"widget\" data-widget_type=\"heading.default\">\n\t\t\t\t<div class=\"elementor-widget-container\">\n\t\t\t\t\t<h1 class=\"elementor-heading-title elementor-size-default\">RISQUES INCENDIE<\/h1>\t\t\t\t<\/div>\n\t\t\t\t<\/div>\n\t\t\t\t\t<\/div>\n\t\t<\/div>\n\t\t\t\t\t<\/div>\n\t\t<\/section>\n\t\t\t\t<section class=\"elementor-section elementor-top-section elementor-element elementor-element-7b4f6ae1 elementor-section-content-middle elementor-section-boxed elementor-section-height-default elementor-section-height-default\" data-id=\"7b4f6ae1\" data-element_type=\"section\" data-settings=\"{&quot;background_background&quot;:&quot;classic&quot;}\">\n\t\t\t\t\t\t<div class=\"elementor-container elementor-column-gap-default\">\n\t\t\t\t\t<div class=\"elementor-column elementor-col-50 elementor-top-column elementor-element elementor-element-5a92989d\" data-id=\"5a92989d\" data-element_type=\"column\">\n\t\t\t<div class=\"elementor-widget-wrap elementor-element-populated\">\n\t\t\t\t\t\t<div class=\"elementor-element elementor-element-11d34516 elementor-widget elementor-widget-image\" data-id=\"11d34516\" data-element_type=\"widget\" data-widget_type=\"image.default\">\n\t\t\t\t<div class=\"elementor-widget-container\">\n\t\t\t\t\t\t\t\t\t\t\t\t\t\t\t<img fetchpriority=\"high\" decoding=\"async\" width=\"327\" height=\"334\" src=\"https:\/\/ecoprev.fr\/wp-content\/uploads\/2025\/05\/extincteurs.jpg\" class=\"attachment-full size-full wp-image-1178\" alt=\"\" srcset=\"https:\/\/ecoprev.fr\/wp-content\/uploads\/2025\/05\/extincteurs.jpg 327w, https:\/\/ecoprev.fr\/wp-content\/uploads\/2025\/05\/extincteurs-294x300.jpg 294w\" sizes=\"(max-width: 327px) 100vw, 327px\" \/>\t\t\t\t\t\t\t\t\t\t\t\t\t\t\t<\/div>\n\t\t\t\t<\/div>\n\t\t\t\t\t<\/div>\n\t\t<\/div>\n\t\t\t\t<div class=\"elementor-column elementor-col-50 elementor-top-column elementor-element elementor-element-3294541f\" data-id=\"3294541f\" data-element_type=\"column\">\n\t\t\t<div class=\"elementor-widget-wrap elementor-element-populated\">\n\t\t\t\t\t\t<div class=\"elementor-element elementor-element-49ede96e elementor-widget elementor-widget-heading\" data-id=\"49ede96e\" data-element_type=\"widget\" data-widget_type=\"heading.default\">\n\t\t\t\t<div class=\"elementor-widget-container\">\n\t\t\t\t\t<h2 class=\"elementor-heading-title elementor-size-default\">EQUIPIER DE PREMIERE INTERVENTION \/ MANIPULATION D'EXTINCTEURS<\/h2>\t\t\t\t<\/div>\n\t\t\t\t<\/div>\n\t\t\t\t<div class=\"elementor-element elementor-element-d4d23c0 elementor-widget elementor-widget-text-editor\" data-id=\"d4d23c0\" data-element_type=\"widget\" data-widget_type=\"text-editor.default\">\n\t\t\t\t<div class=\"elementor-widget-container\">\n\t\t\t\t\t\t\t\t\t<p>L&rsquo;information et la formation des salari\u00e9s font partie int\u00e9grante de la d\u00e9marche de pr\u00e9vention des risques d&rsquo;incendie sur le lieu de travail. Elles rel\u00e8vent de la responsabilit\u00e9 de l&#8217;employeur. Quelque soit l&rsquo;activit\u00e9 de l&rsquo;entreprise, l&rsquo;ensemble du personnel doit \u00eatre form\u00e9 \u00e0 :<\/p><p>&#8211;\u00a0<span style=\"background-color: initial; font-family: inherit; font-size: inherit; font-style: inherit; font-variant-ligatures: inherit; font-variant-caps: inherit; font-weight: inherit; color: #000000;\">donner l\u2019alerte\u00a0;<\/span><\/p><p><span style=\"background-color: initial; font-family: inherit; font-size: inherit; font-style: inherit; font-variant-ligatures: inherit; font-variant-caps: inherit; font-weight: inherit; color: #000000;\">&#8211; utiliser les moyens de premier secours afin de pouvoir faire face \u00e0 un d\u00e9but d\u2019incendie, notamment manipulation des extincteurs\u00a0;<\/span><\/p><p><span style=\"background-color: initial; font-family: inherit; font-size: inherit; font-style: inherit; font-variant-ligatures: inherit; font-variant-caps: inherit; font-weight: inherit; color: #000000;\">&#8211;\u00a0<\/span><span style=\"background-color: initial; font-family: inherit; font-size: inherit; font-style: inherit; font-variant-ligatures: inherit; font-variant-caps: inherit; font-weight: inherit; color: #000000;\">ex\u00e9cuter les diff\u00e9rentes man\u0153uvres n\u00e9cessaires\u00a0: mise en s\u00e9curit\u00e9 du poste de travail, \u00e9vacuation totale ou diff\u00e9r\u00e9e si n\u00e9cessaire&#8230;<\/span><\/p><p>L&rsquo;INRS recommande :<\/p><p>&#8211; d&rsquo;adapter le renouvellement des essais de manipulation des extincteurs de <b><u>6 mois \u00e0 3 ans<\/u><\/b>, en fonction des risques incendies de l&rsquo;entreprise et en veillant \u00e0 ce que tout nouvel embauch\u00e9 soit rapidement form\u00e9.<\/p>\t\t\t\t\t\t\t\t<\/div>\n\t\t\t\t<\/div>\n\t\t\t\t\t<\/div>\n\t\t<\/div>\n\t\t\t\t\t<\/div>\n\t\t<\/section>\n\t\t<div class=\"elementor-element elementor-element-a268a8e e-flex e-con-boxed e-con e-parent\" data-id=\"a268a8e\" data-element_type=\"container\">\n\t\t\t\t\t<div class=\"e-con-inner\">\n\t\t<div class=\"elementor-element elementor-element-89c416a e-con-full e-flex e-con e-child\" data-id=\"89c416a\" data-element_type=\"container\">\n\t\t\t\t<div class=\"elementor-element elementor-element-4ddbb42 elementor-button-warning elementor-align-center elementor-widget elementor-widget-button\" data-id=\"4ddbb42\" data-element_type=\"widget\" data-widget_type=\"button.default\">\n\t\t\t\t<div class=\"elementor-widget-container\">\n\t\t\t\t\t\t\t\t\t<div class=\"elementor-button-wrapper\">\n\t\t\t\t\t<a class=\"elementor-button elementor-button-link elementor-size-xl\" href=\"https:\/\/ecoprev.fr\/wp-content\/uploads\/2025\/05\/FP-EQUIPIER-PREMIERE-INTERVENTION.pdf\">\n\t\t\t\t\t\t<span class=\"elementor-button-content-wrapper\">\n\t\t\t\t\t\t\t\t\t<span class=\"elementor-button-text\">EQUIPIER DE PREMIERE INTERVENTION - PROGRAMME PDF<\/span>\n\t\t\t\t\t<\/span>\n\t\t\t\t\t<\/a>\n\t\t\t\t<\/div>\n\t\t\t\t\t\t\t\t<\/div>\n\t\t\t\t<\/div>\n\t\t\t\t<\/div>\n\t\t<div class=\"elementor-element elementor-element-3b3a142 e-con-full e-flex e-con e-child\" data-id=\"3b3a142\" data-element_type=\"container\">\n\t\t<div class=\"elementor-element elementor-element-3135f2a e-con-full e-flex e-con e-child\" data-id=\"3135f2a\" data-element_type=\"container\">\n\t\t\t\t<div class=\"elementor-element elementor-element-f4f02ef elementor-align-center elementor-widget elementor-widget-button\" data-id=\"f4f02ef\" data-element_type=\"widget\" data-widget_type=\"button.default\">\n\t\t\t\t<div class=\"elementor-widget-container\">\n\t\t\t\t\t\t\t\t\t<div class=\"elementor-button-wrapper\">\n\t\t\t\t\t<a class=\"elementor-button elementor-button-link elementor-size-xl\" href=\"https:\/\/ecoprev.fr\/index.php\/contact\/\">\n\t\t\t\t\t\t<span class=\"elementor-button-content-wrapper\">\n\t\t\t\t\t\t\t\t\t<span class=\"elementor-button-text\">TARIF : Nous consulter<\/span>\n\t\t\t\t\t<\/span>\n\t\t\t\t\t<\/a>\n\t\t\t\t<\/div>\n\t\t\t\t\t\t\t\t<\/div>\n\t\t\t\t<\/div>\n\t\t\t\t<\/div>\n\t\t\t\t<\/div>\n\t\t\t\t\t<\/div>\n\t\t\t\t<\/div>\n\t\t<div class=\"elementor-element elementor-element-04b9523 e-flex e-con-boxed e-con e-parent\" data-id=\"04b9523\" data-element_type=\"container\">\n\t\t\t\t\t<div class=\"e-con-inner\">\n\t\t<div class=\"elementor-element elementor-element-c065872 e-con-full e-flex e-con e-child\" data-id=\"c065872\" data-element_type=\"container\">\n\t\t\t\t<div class=\"elementor-element elementor-element-a4bdaa3 elementor-button-warning elementor-align-center elementor-widget elementor-widget-button\" data-id=\"a4bdaa3\" data-element_type=\"widget\" data-widget_type=\"button.default\">\n\t\t\t\t<div class=\"elementor-widget-container\">\n\t\t\t\t\t\t\t\t\t<div class=\"elementor-button-wrapper\">\n\t\t\t\t\t<a class=\"elementor-button elementor-button-link elementor-size-xl\" href=\"https:\/\/ecoprev.fr\/wp-content\/uploads\/2025\/05\/FP-MANIPULATION-D-EXTINCTEURS.pdf\">\n\t\t\t\t\t\t<span class=\"elementor-button-content-wrapper\">\n\t\t\t\t\t\t\t\t\t<span class=\"elementor-button-text\">MANIPULATION D'EXTINCTEURS - PROGRAMME PDF<\/span>\n\t\t\t\t\t<\/span>\n\t\t\t\t\t<\/a>\n\t\t\t\t<\/div>\n\t\t\t\t\t\t\t\t<\/div>\n\t\t\t\t<\/div>\n\t\t\t\t<\/div>\n\t\t<div class=\"elementor-element elementor-element-68749d9 e-con-full e-flex e-con e-child\" data-id=\"68749d9\" data-element_type=\"container\">\n\t\t<div class=\"elementor-element elementor-element-e99b13c e-con-full e-flex e-con e-child\" data-id=\"e99b13c\" data-element_type=\"container\">\n\t\t\t\t<div class=\"elementor-element elementor-element-4f87cb9 elementor-align-center elementor-widget elementor-widget-button\" data-id=\"4f87cb9\" data-element_type=\"widget\" data-widget_type=\"button.default\">\n\t\t\t\t<div class=\"elementor-widget-container\">\n\t\t\t\t\t\t\t\t\t<div class=\"elementor-button-wrapper\">\n\t\t\t\t\t<a class=\"elementor-button elementor-button-link elementor-size-xl\" href=\"https:\/\/ecoprev.fr\/index.php\/contact\/\">\n\t\t\t\t\t\t<span class=\"elementor-button-content-wrapper\">\n\t\t\t\t\t\t\t\t\t<span class=\"elementor-button-text\">TARIF : Nous consulter<\/span>\n\t\t\t\t\t<\/span>\n\t\t\t\t\t<\/a>\n\t\t\t\t<\/div>\n\t\t\t\t\t\t\t\t<\/div>\n\t\t\t\t<\/div>\n\t\t\t\t<\/div>\n\t\t\t\t<\/div>\n\t\t\t\t\t<\/div>\n\t\t\t\t<\/div>\n\t\t\t\t<section class=\"elementor-section elementor-top-section elementor-element elementor-element-22a5a3b0 elementor-section-content-middle elementor-section-boxed elementor-section-height-default elementor-section-height-default\" data-id=\"22a5a3b0\" data-element_type=\"section\" data-settings=\"{&quot;background_background&quot;:&quot;classic&quot;}\">\n\t\t\t\t\t\t<div class=\"elementor-container elementor-column-gap-default\">\n\t\t\t\t\t<div class=\"elementor-column elementor-col-50 elementor-top-column elementor-element elementor-element-485cfeb2\" data-id=\"485cfeb2\" data-element_type=\"column\">\n\t\t\t<div class=\"elementor-widget-wrap elementor-element-populated\">\n\t\t\t\t\t\t<div class=\"elementor-element elementor-element-58537234 elementor-widget elementor-widget-heading\" data-id=\"58537234\" data-element_type=\"widget\" data-widget_type=\"heading.default\">\n\t\t\t\t<div class=\"elementor-widget-container\">\n\t\t\t\t\t<h2 class=\"elementor-heading-title elementor-size-default\">EXERCICE D EVACUATION<\/h2>\t\t\t\t<\/div>\n\t\t\t\t<\/div>\n\t\t\t\t<div class=\"elementor-element elementor-element-6ed59293 elementor-widget elementor-widget-text-editor\" data-id=\"6ed59293\" data-element_type=\"widget\" data-widget_type=\"text-editor.default\">\n\t\t\t\t<div class=\"elementor-widget-container\">\n\t\t\t\t\t\t\t\t\t<p>L&rsquo;INRS recommande :<\/p>\n<p>&#8211; d&rsquo;effectuer des exercices d&rsquo;\u00e9vacuation <u style=\"font-weight: bold;\">tous les 6 mois au minimum. <\/u>Nous vous accompagnons dans la mise en place de cette exercice et vous remettons un compte rendu apr\u00e8s exercice.<\/p>\t\t\t\t\t\t\t\t<\/div>\n\t\t\t\t<\/div>\n\t\t\t\t\t<\/div>\n\t\t<\/div>\n\t\t\t\t<div class=\"elementor-column elementor-col-50 elementor-top-column elementor-element elementor-element-40ce658b\" data-id=\"40ce658b\" data-element_type=\"column\">\n\t\t\t<div class=\"elementor-widget-wrap elementor-element-populated\">\n\t\t\t\t\t\t<div class=\"elementor-element elementor-element-67a21a93 elementor-widget elementor-widget-image\" data-id=\"67a21a93\" data-element_type=\"widget\" data-widget_type=\"image.default\">\n\t\t\t\t<div class=\"elementor-widget-container\">\n\t\t\t\t\t\t\t\t\t\t\t\t\t\t\t<img decoding=\"async\" width=\"560\" height=\"399\" src=\"https:\/\/ecoprev.fr\/wp-content\/uploads\/2025\/05\/incendie.jpg\" class=\"attachment-full size-full wp-image-1179\" alt=\"\" srcset=\"https:\/\/ecoprev.fr\/wp-content\/uploads\/2025\/05\/incendie.jpg 560w, https:\/\/ecoprev.fr\/wp-content\/uploads\/2025\/05\/incendie-300x214.jpg 300w\" sizes=\"(max-width: 560px) 100vw, 560px\" \/>\t\t\t\t\t\t\t\t\t\t\t\t\t\t\t<\/div>\n\t\t\t\t<\/div>\n\t\t\t\t\t<\/div>\n\t\t<\/div>\n\t\t\t\t\t<\/div>\n\t\t<\/section>\n\t\t<div class=\"elementor-element elementor-element-4d4727c e-flex e-con-boxed e-con e-parent\" data-id=\"4d4727c\" data-element_type=\"container\">\n\t\t\t\t\t<div class=\"e-con-inner\">\n\t\t\t\t\t<\/div>\n\t\t\t\t<\/div>\n\t\t<div class=\"elementor-element elementor-element-9dc90bf e-flex e-con-boxed e-con e-parent\" data-id=\"9dc90bf\" data-element_type=\"container\">\n\t\t\t\t\t<div class=\"e-con-inner\">\n\t\t\t\t<div class=\"elementor-element elementor-element-4fa577f elementor-widget elementor-widget-text-editor\" data-id=\"4fa577f\" data-element_type=\"widget\" data-widget_type=\"text-editor.default\">\n\t\t\t\t<div class=\"elementor-widget-container\">\n\t\t\t\t\t\t\t\t\t<h5>Les formations aux risques incendie diffus\u00e9es par l&rsquo;organisme de formation ECOPREV ont donn\u00e9 lieu \u00e0 un taux de satisfaction globale des stagiaires de :<\/h5>\t\t\t\t\t\t\t\t<\/div>\n\t\t\t\t<\/div>\n\t\t\t\t\t<\/div>\n\t\t\t\t<\/div>\n\t\t<div class=\"elementor-element elementor-element-8c8fa9a e-flex e-con-boxed e-con e-parent\" data-id=\"8c8fa9a\" data-element_type=\"container\">\n\t\t\t\t\t<div class=\"e-con-inner\">\n\t\t\t\t<div class=\"elementor-element elementor-element-df095e8 elementor-button-success elementor-align-center elementor-widget elementor-widget-button\" data-id=\"df095e8\" data-element_type=\"widget\" data-widget_type=\"button.default\">\n\t\t\t\t<div class=\"elementor-widget-container\">\n\t\t\t\t\t\t\t\t\t<div class=\"elementor-button-wrapper\">\n\t\t\t\t\t<a class=\"elementor-button elementor-button-link elementor-size-lg\" href=\"#\">\n\t\t\t\t\t\t<span class=\"elementor-button-content-wrapper\">\n\t\t\t\t\t\t\t\t\t<span class=\"elementor-button-text\">95%<\/span>\n\t\t\t\t\t<\/span>\n\t\t\t\t\t<\/a>\n\t\t\t\t<\/div>\n\t\t\t\t\t\t\t\t<\/div>\n\t\t\t\t<\/div>\n\t\t\t\t<div class=\"elementor-element elementor-element-0f09c8b elementor-widget elementor-widget-image\" data-id=\"0f09c8b\" data-element_type=\"widget\" data-widget_type=\"image.default\">\n\t\t\t\t<div class=\"elementor-widget-container\">\n\t\t\t\t\t\t\t\t\t\t\t\t\t\t\t<img decoding=\"async\" src=\"https:\/\/ecoprev.fr\/wp-content\/uploads\/elementor\/thumbs\/MEDAILLE-r9rm84bopufg5bu74m7sbxz60dw6a9hbeh9l1qn0xg.jpg\" title=\"MEDAILLE\" alt=\"MEDAILLE\" loading=\"lazy\" \/>\t\t\t\t\t\t\t\t\t\t\t\t\t\t\t<\/div>\n\t\t\t\t<\/div>\n\t\t\t\t\t<\/div>\n\t\t\t\t<\/div>\n\t\t\t\t<\/div>\n\t\t","protected":false},"excerpt":{"rendered":"<p>RISQUES INCENDIE EQUIPIER DE PREMIERE INTERVENTION \/ MANIPULATION D&rsquo;EXTINCTEURS L&rsquo;information et la formation des salari\u00e9s font partie int\u00e9grante de la d\u00e9marche de pr\u00e9vention des risques d&rsquo;incendie sur le lieu de travail. Elles rel\u00e8vent de la responsabilit\u00e9 de l&#8217;employeur. Quelque soit l&rsquo;activit\u00e9 de l&rsquo;entreprise, l&rsquo;ensemble du personnel doit \u00eatre form\u00e9 \u00e0 : &#8211;\u00a0donner l\u2019alerte\u00a0; &#8211; utiliser&hellip;&nbsp;<a href=\"https:\/\/ecoprev.fr\/index.php\/risques-incendie-extincteurs\/\" rel=\"bookmark\">Lire la suite &raquo;<span class=\"screen-reader-text\">RISQUES INCENDIE<\/span><\/a><\/p>\n","protected":false},"author":1,"featured_media":0,"parent":0,"menu_order":0,"comment_status":"closed","ping_status":"closed","template":"page-templates\/template-pagebuilder-full-width.php","meta":{"neve_meta_sidebar":"","neve_meta_container":"","neve_meta_enable_content_width":"","neve_meta_content_width":0,"neve_meta_title_alignment":"","neve_meta_author_avatar":"","neve_post_elements_order":"","neve_meta_disable_header":"","neve_meta_disable_footer":"","neve_meta_disable_title":"","_themeisle_gutenberg_block_has_review":false,"footnotes":""},"class_list":["post-1176","page","type-page","status-publish","hentry"],"aioseo_notices":[],"_links":{"self":[{"href":"https:\/\/ecoprev.fr\/index.php\/wp-json\/wp\/v2\/pages\/1176","targetHints":{"allow":["GET"]}}],"collection":[{"href":"https:\/\/ecoprev.fr\/index.php\/wp-json\/wp\/v2\/pages"}],"about":[{"href":"https:\/\/ecoprev.fr\/index.php\/wp-json\/wp\/v2\/types\/page"}],"author":[{"embeddable":true,"href":"https:\/\/ecoprev.fr\/index.php\/wp-json\/wp\/v2\/users\/1"}],"replies":[{"embeddable":true,"href":"https:\/\/ecoprev.fr\/index.php\/wp-json\/wp\/v2\/comments?post=1176"}],"version-history":[{"count":23,"href":"https:\/\/ecoprev.fr\/index.php\/wp-json\/wp\/v2\/pages\/1176\/revisions"}],"predecessor-version":[{"id":1712,"href":"https:\/\/ecoprev.fr\/index.php\/wp-json\/wp\/v2\/pages\/1176\/revisions\/1712"}],"wp:attachment":[{"href":"https:\/\/ecoprev.fr\/index.php\/wp-json\/wp\/v2\/media?parent=1176"}],"curies":[{"name":"wp","href":"https:\/\/api.w.org\/{rel}","templated":true}]}}